{"id":85396,"date":"2023-02-15T12:26:52","date_gmt":"2023-02-15T11:26:52","guid":{"rendered":"https:\/\/www.lescakesdelaura.com\/production\/"},"modified":"2023-02-15T12:26:52","modified_gmt":"2023-02-15T11:26:52","slug":"production","status":"publish","type":"page","link":"https:\/\/www.lescakesdelaura.com\/fr\/production\/","title":{"rendered":"Production"},"content":{"rendered":"<div class=\"wpb-content-wrapper\">[vc_row][vc_column][mk_padding_divider size=\u00a0\u00bb240&Prime;][mk_dropcaps style=\u00a0\u00bbfancy-style\u00a0\u00bb size=\u00a0\u00bb46&Prime; padding=\u00a0\u00bb6&Prime; background_color=\u00a0\u00bb#3bbebb\u00a0\u00bb text_color=\u00a0\u00bb#ffffff\u00a0\u00bb]J[\/mk_dropcaps][vc_column_text disable_pattern=\u00a0\u00bbfalse\u00a0\u00bb css=\u00a0\u00bb.vc_custom_1665310295631{margin-bottom: 0px !important;}\u00a0\u00bb]&rsquo;aime pouvoir cr\u00e9er des g\u00e2teaux diff\u00e9rents pour chaque occasion, en tenant compte des go\u00fbts, des couleurs, des styles et surtout de l&rsquo;imagination de chacun. J&rsquo;essaie de rendre chacun des g\u00e2teaux que je r\u00e9alise diff\u00e9rent et de cr\u00e9er un lien avec chacun de mes clients, en y mettant toujours une touche artistique et surtout beaucoup d&rsquo;amour.<\/p>\n<p>Chaque g\u00e2teau est con\u00e7u dans les moindres d\u00e9tails, dans le but de faire de vos r\u00eaves une r\u00e9alit\u00e9.[\/vc_column_text][mk_padding_divider][vc_row_inner][vc_column_inner width=\u00a0\u00bb1\/6&Prime;][mk_image src=\u00a0\u00bbhttps:\/\/www.lescakesdelaura.com\/wp-content\/uploads\/2022\/12\/1.-tartas-boda-.jpg\u00a0\u00bb image_size=\u00a0\u00bbfull\u00a0\u00bb margin_bottom=\u00a0\u00bb0&Prime;][\/vc_column_inner][vc_column_inner width=\u00a0\u00bb2\/6&Prime;][mk_fancy_title color=\u00a0\u00bb#3ac0ba\u00a0\u00bb size=\u00a0\u00bb40&Prime; font_weight=\u00a0\u00bbbold\u00a0\u00bb margin_bottom=\u00a0\u00bb0&Prime; font_family=\u00a0\u00bbnone\u00a0\u00bb]G\u00e2teaux de mariage[\/mk_fancy_title][vc_column_text css=\u00a0\u00bb.vc_custom_1665310333210{margin-bottom: 0px !important;}\u00a0\u00bb]Rendez votre g\u00e2teau de mariage unique et sp\u00e9cial, refl\u00e9tant votre amour et compl\u00e9tant la d\u00e9coration de ce jour important de votre vie. Il existe de nombreux styles, techniques et formes pour r\u00e9aliser votre r\u00eave, il est donc important de prendre suffisamment de temps pour mettre au point ce qui vous convient le mieux, ainsi que pour pouvoir r\u00e9server la date.<\/p>\n<p>Veuillez r\u00e9server au moins deux mois \u00e0 l&rsquo;avance.[\/vc_column_text][mk_fancy_title tag_name=\u00a0\u00bbspan\u00a0\u00bb size=\u00a0\u00bb30&Prime; font_family=\u00a0\u00bbnone\u00a0\u00bb]<a href=\"https:\/\/www.lescakesdelaura.com\/fr\/galerie\/#tab-1520869693-2-80\">Voir la galerie<\/a>[\/mk_fancy_title][\/vc_column_inner][vc_column_inner width=\u00a0\u00bb1\/6&Prime;][mk_image src=\u00a0\u00bbhttps:\/\/www.lescakesdelaura.com\/wp-content\/uploads\/2022\/12\/2.-tartas-fechas-especiales-.jpg\u00a0\u00bb image_size=\u00a0\u00bbfull\u00a0\u00bb][\/vc_column_inner][vc_column_inner width=\u00a0\u00bb2\/6&Prime;][mk_fancy_title color=\u00a0\u00bb#3ac0ba\u00a0\u00bb size=\u00a0\u00bb40&Prime; margin_bottom=\u00a0\u00bb0&Prime; font_family=\u00a0\u00bbnone\u00a0\u00bb]<strong>Dates sp\u00e9ciales<\/strong>[\/mk_fancy_title][vc_column_text css=\u00a0\u00bb.vc_custom_1665310366312{margin-bottom: 0px !important;}\u00a0\u00bb]Cr\u00e9er des g\u00e2teaux pour diff\u00e9rents \u00e9v\u00e9nements et occasions me permet de d\u00e9couvrir un large \u00e9ventail de techniques et de styles. Des g\u00e2teaux tr\u00e8s \u00e9l\u00e9gants, s\u00e9rieux et d&rsquo;entreprise aux g\u00e2teaux rustiques, champ\u00eatres ou \u00e0 th\u00e8me. Ajoutez une touche unique \u00e0 vos c\u00e9l\u00e9brations.<\/p>\n<p>Le temps de pr\u00e9paration d\u00e9pend de la complexit\u00e9 et de la taille du g\u00e2teau, il est donc id\u00e9al de r\u00e9server au moins deux semaines \u00e0 l&rsquo;avance.<\/p>\n<p>Commande minimale : 8 portions[\/vc_column_text][mk_fancy_title tag_name=\u00a0\u00bbspan\u00a0\u00bb size=\u00a0\u00bb30&Prime; font_family=\u00a0\u00bbnone\u00a0\u00bb]<a href=\"https:\/\/www.lescakesdelaura.com\/fr\/galerie\/#tab-1520870281041-2-3\">Voir la galerie<\/a>[\/mk_fancy_title][\/vc_column_inner][\/vc_row_inner][vc_row_inner][vc_column_inner width=\u00a0\u00bb1\/6&Prime;][mk_image src=\u00a0\u00bbhttps:\/\/www.lescakesdelaura.com\/wp-content\/uploads\/2022\/12\/3.-tartas-para-ninos-.jpg\u00a0\u00bb image_size=\u00a0\u00bbfull\u00a0\u00bb][\/vc_column_inner][vc_column_inner width=\u00a0\u00bb2\/6&Prime;][mk_fancy_title color=\u00a0\u00bb#3ac0ba\u00a0\u00bb size=\u00a0\u00bb40&Prime; margin_bottom=\u00a0\u00bb0&Prime; font_family=\u00a0\u00bbnone\u00a0\u00bb]<strong>Gateaux pour les enfants<\/strong>[\/mk_fancy_title][vc_column_text css=\u00a0\u00bb.vc_custom_1665310402970{margin-bottom: 0px !important;}\u00a0\u00bb]Et pour les enfants&#8230; toutes les options sont possibles, des princesses aux pirates, en passant par les dinosaures et les h\u00e9ros ! !! J&rsquo;aime faire partie de vos c\u00e9l\u00e9brations et remplir d&rsquo;illusion ce jour sp\u00e9cial. R\u00e9servations avec un minimum d&rsquo;une semaine.<\/p>\n<p>Commande minimale : 8 portions[\/vc_column_text][mk_fancy_title tag_name=\u00a0\u00bbspan\u00a0\u00bb size=\u00a0\u00bb30&Prime; font_family=\u00a0\u00bbnone\u00a0\u00bb]<a href=\"https:\/\/www.lescakesdelaura.com\/fr\/galerie\/#tab-1520870294629-3-7\">Voir la galerie<\/a>[\/mk_fancy_title][\/vc_column_inner][vc_column_inner width=\u00a0\u00bb1\/6&Prime;][mk_image src=\u00a0\u00bbhttps:\/\/www.lescakesdelaura.com\/wp-content\/uploads\/2022\/12\/4.-cupcakes-y-galletas-y-otros-.jpg\u00a0\u00bb image_size=\u00a0\u00bbfull\u00a0\u00bb][\/vc_column_inner][vc_column_inner width=\u00a0\u00bb2\/6&Prime;][mk_fancy_title color=\u00a0\u00bb#3ac0ba\u00a0\u00bb size=\u00a0\u00bb40&Prime; margin_bottom=\u00a0\u00bb0&Prime; font_family=\u00a0\u00bbnone\u00a0\u00bb]<strong>Cupcakes, biscuits et autres<\/strong>[\/mk_fancy_title][vc_column_text css=\u00a0\u00bb.vc_custom_1665310388236{margin-bottom: 0px !important;}\u00a0\u00bb]Compl\u00e9tez vos c\u00e9l\u00e9brations avec de d\u00e9licieux cupcakes, biscuits, cake pops ou cake sicles. Le tout d\u00e9cor\u00e9 pour s&rsquo;accorder avec le g\u00e2teau principal. Je vous propose un large \u00e9ventail de saveurs et de styles !<\/p>\n<p>R\u00e9servations avec un minimum d&rsquo;une semaine.[\/vc_column_text][mk_fancy_title tag_name=\u00a0\u00bbspan\u00a0\u00bb size=\u00a0\u00bb30&Prime; font_family=\u00a0\u00bbnone\u00a0\u00bb]<a href=\"https:\/\/www.lescakesdelaura.com\/fr\/galerie\/#tab-1667294487624-4-9\">Voir la galerie<\/a>[\/mk_fancy_title][\/vc_column_inner][\/vc_row_inner][vc_row_inner][vc_column_inner width=\u00a0\u00bb1\/6&Prime;][mk_image src=\u00a0\u00bbhttps:\/\/www.lescakesdelaura.com\/wp-content\/uploads\/2022\/12\/5.-cajas-epseciales-.jpg\u00a0\u00bb image_size=\u00a0\u00bbfull\u00a0\u00bb][\/vc_column_inner][vc_column_inner width=\u00a0\u00bb2\/6&Prime;][mk_fancy_title color=\u00a0\u00bb#3ac0ba\u00a0\u00bb size=\u00a0\u00bb40&Prime; margin_bottom=\u00a0\u00bb0&Prime; font_family=\u00a0\u00bbnone\u00a0\u00bb]<strong>Bo\u00eetes sp\u00e9ciales<\/strong>[\/mk_fancy_title][vc_column_text css=\u00a0\u00bb.vc_custom_1665310443163{margin-bottom: 0px !important;}\u00a0\u00bb]Les bo\u00eetes sont compos\u00e9es de diff\u00e9rents produits et peuvent \u00eatre d\u00e9cor\u00e9es selon diff\u00e9rents th\u00e8mes, ce qui les rend id\u00e9ales pour un cadeau, une baby shower ou des dates telles que Halloween, No\u00ebl, la Saint-Valentin&#8230; R\u00e9alisez votre combinaison id\u00e9al entre biscuits, cupcakes, cakepops, brownies&#8230;[\/vc_column_text][mk_fancy_title tag_name=\u00a0\u00bbspan\u00a0\u00bb size=\u00a0\u00bb30&Prime; font_family=\u00a0\u00bbnone\u00a0\u00bb]<a href=\"https:\/\/www.lescakesdelaura.com\/fr\/galerie\/#tab-1667294505926-5-7\">Voir la galerie<\/a>[\/mk_fancy_title][\/vc_column_inner][vc_column_inner width=\u00a0\u00bb1\/6&Prime;][mk_image src=\u00a0\u00bbhttps:\/\/www.lescakesdelaura.com\/wp-content\/uploads\/2022\/12\/6.-tartas-de-galleta-.jpg\u00a0\u00bb image_size=\u00a0\u00bbfull\u00a0\u00bb][\/vc_column_inner][vc_column_inner width=\u00a0\u00bb2\/6&Prime;][mk_fancy_title color=\u00a0\u00bb#3ac0ba\u00a0\u00bb size=\u00a0\u00bb40&Prime; font_weight=\u00a0\u00bb500&Prime; margin_bottom=\u00a0\u00bb0&Prime; font_family=\u00a0\u00bbnone\u00a0\u00bb]<strong>Tartes aux biscuits<\/strong>[\/mk_fancy_title][vc_column_text css=\u00a0\u00bb.vc_custom_1665310425907{margin-bottom: 0px !important;}\u00a0\u00bb]De d\u00e9licieux g\u00e2teaux faits \u00e0 partir d&rsquo;un biscuit aux amandes et fourr\u00e9s au fromage frais. Ils sont g\u00e9n\u00e9ralement d\u00e9cor\u00e9s de fruits frais, de fleurs et de mini-biscuits. Ils peuvent prendre la forme de chiffres, de lettres ou de figures telles que des c\u0153urs ou des \u00e9toiles.<\/p>\n<p>Commande minimale : 8 portions[\/vc_column_text][mk_fancy_title tag_name=\u00a0\u00bbspan\u00a0\u00bb size=\u00a0\u00bb30&Prime; font_family=\u00a0\u00bbnone\u00a0\u00bb]<a href=\"https:\/\/www.lescakesdelaura.com\/fr\/galerie\/#tab-1667294505926-5-7\">Voir la galerie<\/a>[\/mk_fancy_title][\/vc_column_inner][\/vc_row_inner][\/vc_column][\/vc_row][vc_row fullwidth=\u00a0\u00bbtrue\u00a0\u00bb fullwidth_content=\u00a0\u00bbfalse\u00a0\u00bb css=\u00a0\u00bb.vc_custom_1665310705839{margin-top: 40px !important;background-color: #f7f7f7 !important;}\u00a0\u00bb][vc_column][mk_padding_divider size=\u00a0\u00bb30&Prime;][mk_fancy_title tag_name=\u00a0\u00bbh3&Prime; color=\u00a0\u00bb#3ac0ba\u00a0\u00bb size=\u00a0\u00bb40&Prime; force_font_size=\u00a0\u00bbtrue\u00a0\u00bb size_phone=\u00a0\u00bb40&Prime; font_weight=\u00a0\u00bbbold\u00a0\u00bb txt_transform=\u00a0\u00bbnone\u00a0\u00bb margin_bottom=\u00a0\u00bb0&Prime; font_family=\u00a0\u00bbnone\u00a0\u00bb align=\u00a0\u00bbcenter\u00a0\u00bb]Saveurs et garnitures de g\u00e2teaux[\/mk_fancy_title][vc_column_text align=\u00a0\u00bbcenter\u00a0\u00bb css=\u00a0\u00bb.vc_custom_1665310696943{margin-bottom: 0px !important;}\u00a0\u00bb]Chaque g\u00e2teau est compos\u00e9 de 4 couches de g\u00e9noise et de 3 couches de garniture.[\/vc_column_text][mk_padding_divider size=\u00a0\u00bb20&Prime;][vc_row_inner][vc_column_inner width=\u00a0\u00bb1\/2&Prime;][mk_fancy_title color=\u00a0\u00bb#3ac0ba\u00a0\u00bb size=\u00a0\u00bb40&Prime; margin_bottom=\u00a0\u00bb0&Prime; font_family=\u00a0\u00bbnone\u00a0\u00bb align=\u00a0\u00bbcenter\u00a0\u00bb]Saveurs pour le g\u00e2teau[\/mk_fancy_title][mk_custom_list align=\u00a0\u00bbleft\u00a0\u00bb]\n<ul>\n<li>Vanille &#8211; Vanille et Oreo &#8211; Vanille et p\u00e9pites de chocolat<\/li>\n<li>Chocolat<\/li>\n<li>Lemon &#8211; Citron avec graines de pavot<\/li>\n<li>Fraises<\/li>\n<li>Framboises<\/li>\n<li>Amandes<\/li>\n<li>Velours rouge<\/li>\n<li>Rafaello<\/li>\n<li>Carotte \u00a0 \u00a0 \u00a0 \u00a0 \u00a0 \u00a0 \u00a0 \u00a0 \u00a0 \u00a0 \u00a0 \u00a0 \u00a0 \u00a0 \u00a0 \u00a0 \u00a0 \u00a0 \u00a0 \u00a0 \u00a0 \u00a0 \u00a0 \u00a0 \u00a0 \u00a0 \u00a0 \u00a0 \u00a0 \u00a0 \u00a0 \u00a0 \u00a0 \u00a0 \u00a0 \u00a0 \u00a0 \u00a0 \u00a0 \u00a0 \u00a0 \u00a0 \u00a0 \u00a0 \u00a0 \u00a0 \u00a0 \u00a0 \u00a0 \u00a0 \u00a0 \u00a0 \u00a0 \u00a0 \u00a0 \u00a0 \u00a0 \u00a0 \u00a0 \u00a0 \u00a0 \u00a0 \u00a0Des amandes, des noix et des pistaches peuvent \u00eatre ajout\u00e9es aux g\u00e2teaux moyennant un suppl\u00e9ment<\/li>\n<\/ul>\n[\/mk_custom_list][\/vc_column_inner][vc_column_inner width=\u00a0\u00bb1\/2&Prime;][mk_fancy_title color=\u00a0\u00bb#3ac0ba\u00a0\u00bb size=\u00a0\u00bb40&Prime; margin_bottom=\u00a0\u00bb0&Prime; font_family=\u00a0\u00bbnone\u00a0\u00bb align=\u00a0\u00bbcenter\u00a0\u00bb]Remplissages[\/mk_fancy_title][mk_custom_list align=\u00a0\u00bbleft\u00a0\u00bb]\n<ul>\n<li>Cr\u00e8me au beurre : vanille, chocolat, caramel, fraise, framboise, citron, Nutella, Oreo, fromage.<\/li>\n<li>Ganache : chocolat (noir, lait et blanc)<\/li>\n<li>Confiture<\/li>\n<\/ul>\n[\/mk_custom_list][\/vc_column_inner][\/vc_row_inner][\/vc_column][\/vc_row][mk_page_section bg_color=\u00a0\u00bbrgba(59,190,187,0.35)\u00a0\u00bb bg_position=\u00a0\u00bbcenter center\u00a0\u00bb bg_repeat=\u00a0\u00bbno-repeat\u00a0\u00bb bg_stretch=\u00a0\u00bbtrue\u00a0\u00bb min_height=\u00a0\u00bb0&Prime; padding_top=\u00a0\u00bb40&Prime; padding_bottom=\u00a0\u00bb0&Prime; has_top_shape_divider=\u00a0\u00bbtrue\u00a0\u00bb top_shape_style=\u00a0\u00bbjagged-rounded-top\u00a0\u00bb top_shape_color=\u00a0\u00bb#ffffff\u00a0\u00bb has_bottom_shape_divider=\u00a0\u00bbtrue\u00a0\u00bb bottom_shape_style=\u00a0\u00bbjagged-rounded-bottom\u00a0\u00bb bottom_shape_color=\u00a0\u00bb#ffffff\u00a0\u00bb sidebar=\u00a0\u00bbsidebar-1&Prime;][vc_column][mk_fancy_title tag_name=\u00a0\u00bbh1&Prime; color=\u00a0\u00bb#3ac0ba\u00a0\u00bb size=\u00a0\u00bb40&Prime; force_font_size=\u00a0\u00bbtrue\u00a0\u00bb size_phone=\u00a0\u00bb40&Prime; font_weight=\u00a0\u00bbbold\u00a0\u00bb txt_transform=\u00a0\u00bbnone\u00a0\u00bb margin_bottom=\u00a0\u00bb0&Prime; font_family=\u00a0\u00bbnone\u00a0\u00bb align=\u00a0\u00bbcenter\u00a0\u00bb]Ar\u00f4mes et cr\u00e8mes pour cupcakes[\/mk_fancy_title][vc_column_text disable_pattern=\u00a0\u00bbfalse\u00a0\u00bb align=\u00a0\u00bbcenter\u00a0\u00bb css=\u00a0\u00bb.vc_custom_1665310988230{margin-bottom: 0px !important;}\u00a0\u00bb]Les cupcakes peuvent \u00eatre d\u00e9cor\u00e9s avec de la cr\u00e8me, des garnitures fondantes ou des figures en trois dimensions.[\/vc_column_text][vc_row_inner][vc_column_inner][mk_padding_divider size=\u00a0\u00bb20&Prime;][\/vc_column_inner][\/vc_row_inner][vc_row_inner][vc_column_inner width=\u00a0\u00bb3\/6&Prime;][mk_fancy_title color=\u00a0\u00bb#3ac0ba\u00a0\u00bb size=\u00a0\u00bb40&Prime; margin_bottom=\u00a0\u00bb0&Prime; font_family=\u00a0\u00bbnone\u00a0\u00bb align=\u00a0\u00bbcenter\u00a0\u00bb]Saveurs[\/mk_fancy_title][mk_custom_list align=\u00a0\u00bbleft\u00a0\u00bb]\n<ul>\n<li>Vanille &#8211; Vanille et Oreo &#8211; Vanille et p\u00e9pites de chocolat<\/li>\n<li>Chocolat<\/li>\n<li>Oreo<\/li>\n<li>Lemon &#8211; Citron et graines de pavot<\/li>\n<li>Fraises<\/li>\n<li>Framboises<\/li>\n<li>Banane &#8211; Banane et Oreo &#8211; Banane et Nutella<\/li>\n<li>Pomme &#8211; Pomme et amandes &#8211; Pomme et caramel<\/li>\n<li>Velours rouge<\/li>\n<li>Carotte<\/li>\n<\/ul>\n[\/mk_custom_list][\/vc_column_inner][vc_column_inner width=\u00a0\u00bb1\/6&Prime;][\/vc_column_inner][vc_column_inner width=\u00a0\u00bb2\/6&Prime;][mk_fancy_title color=\u00a0\u00bb#3ac0ba\u00a0\u00bb size=\u00a0\u00bb40&Prime; margin_bottom=\u00a0\u00bb0&Prime; font_family=\u00a0\u00bbnone\u00a0\u00bb align=\u00a0\u00bbcenter\u00a0\u00bb]Cr\u00e8mes[\/mk_fancy_title][mk_custom_list align=\u00a0\u00bbleft\u00a0\u00bb]\n<ul>\n<li>Chocolat<\/li>\n<li>Vanille<\/li>\n<li>Caramel<\/li>\n<li>Framboise<\/li>\n<li>Fraise<\/li>\n<li>Citron<\/li>\n<li>Oreo<\/li>\n<li>Nutella<\/li>\n<li>Fromage<\/li>\n<\/ul>\n[\/mk_custom_list][\/vc_column_inner][\/vc_row_inner][\/vc_column][\/mk_page_section][vc_row][vc_column][mk_padding_divider size=\u00a0\u00bb30&Prime;][\/vc_column][\/vc_row]\n<\/div>","protected":false},"excerpt":{"rendered":"<p>[vc_row][vc_column][mk_padding_divider size=\u00a0\u00bb240&Prime;][mk_dropcaps style=\u00a0\u00bbfancy-style\u00a0\u00bb size=\u00a0\u00bb46&Prime; padding=\u00a0\u00bb6&Prime; background_color=\u00a0\u00bb#3bbebb\u00a0\u00bb text_color=\u00a0\u00bb#ffffff\u00a0\u00bb]J[\/mk_dropcaps][vc_column_text disable_pattern=\u00a0\u00bbfalse\u00a0\u00bb css=\u00a0\u00bb.vc_custom_1665310295631{margin-bottom: 0px !important;}\u00a0\u00bb]&rsquo;aime pouvoir cr\u00e9er des g\u00e2teaux diff\u00e9rents pour chaque occasion, en tenant compte des go\u00fbts, des couleurs, des styles et surtout [&hellip;]<\/p>\n","protected":false},"author":1,"featured_media":0,"parent":0,"menu_order":0,"comment_status":"closed","ping_status":"closed","template":"","meta":{"footnotes":""},"class_list":["post-85396","page","type-page","status-publish","hentry"],"yoast_head":"<!-- This site is optimized with the Yoast SEO plugin v23.2 - https:\/\/yoast.com\/wordpress\/plugins\/seo\/ -->\n<title>Production - Les cakes de Laura<\/title>\n<meta name=\"robots\" content=\"index, follow, max-snippet:-1, max-image-preview:large, max-video-preview:-1\" \/>\n<link rel=\"canonical\" href=\"https:\/\/www.lescakesdelaura.com\/fr\/production\/\" \/>\n<meta property=\"og:locale\" content=\"fr_FR\" \/>\n<meta property=\"og:type\" content=\"article\" \/>\n<meta property=\"og:title\" content=\"Production - Les cakes de Laura\" \/>\n<meta property=\"og:description\" content=\"[vc_row][vc_column][mk_padding_divider size=\u00a0\u00bb240&Prime;][mk_dropcaps style=\u00a0\u00bbfancy-style\u00a0\u00bb size=\u00a0\u00bb46&Prime; padding=\u00a0\u00bb6&Prime; background_color=\u00a0\u00bb#3bbebb\u00a0\u00bb text_color=\u00a0\u00bb#ffffff\u00a0\u00bb]J[\/mk_dropcaps][vc_column_text disable_pattern=\u00a0\u00bbfalse\u00a0\u00bb css=\u00a0\u00bb.vc_custom_1665310295631{margin-bottom: 0px !important;}\u00a0\u00bb]&rsquo;aime pouvoir cr\u00e9er des g\u00e2teaux diff\u00e9rents pour chaque occasion, en tenant compte des go\u00fbts, des couleurs, des styles et surtout [&hellip;]\" \/>\n<meta property=\"og:url\" content=\"https:\/\/www.lescakesdelaura.com\/fr\/production\/\" \/>\n<meta property=\"og:site_name\" content=\"Les cakes de Laura\" \/>\n<meta name=\"twitter:card\" content=\"summary_large_image\" \/>\n<meta name=\"twitter:label1\" content=\"Dur\u00e9e de lecture estim\u00e9e\" \/>\n\t<meta name=\"twitter:data1\" content=\"8 minutes\" \/>\n<script type=\"application\/ld+json\" class=\"yoast-schema-graph\">{\"@context\":\"https:\/\/schema.org\",\"@graph\":[{\"@type\":\"WebPage\",\"@id\":\"https:\/\/www.lescakesdelaura.com\/fr\/production\/\",\"url\":\"https:\/\/www.lescakesdelaura.com\/fr\/production\/\",\"name\":\"Production - Les cakes de Laura\",\"isPartOf\":{\"@id\":\"https:\/\/www.lescakesdelaura.com\/#website\"},\"datePublished\":\"2023-02-15T11:26:52+00:00\",\"dateModified\":\"2023-02-15T11:26:52+00:00\",\"breadcrumb\":{\"@id\":\"https:\/\/www.lescakesdelaura.com\/fr\/production\/#breadcrumb\"},\"inLanguage\":\"fr-FR\",\"potentialAction\":[{\"@type\":\"ReadAction\",\"target\":[\"https:\/\/www.lescakesdelaura.com\/fr\/production\/\"]}]},{\"@type\":\"BreadcrumbList\",\"@id\":\"https:\/\/www.lescakesdelaura.com\/fr\/production\/#breadcrumb\",\"itemListElement\":[{\"@type\":\"ListItem\",\"position\":1,\"name\":\"Home\",\"item\":\"https:\/\/www.lescakesdelaura.com\/fr\/accueil\/\"},{\"@type\":\"ListItem\",\"position\":2,\"name\":\"Production\"}]},{\"@type\":\"WebSite\",\"@id\":\"https:\/\/www.lescakesdelaura.com\/#website\",\"url\":\"https:\/\/www.lescakesdelaura.com\/\",\"name\":\"Les cakes de Laura\",\"description\":\"P\u00e2tisserie cr\u00e9ative et g\u00e2teaux personnalis\u00e9s Marrakech\",\"potentialAction\":[{\"@type\":\"SearchAction\",\"target\":{\"@type\":\"EntryPoint\",\"urlTemplate\":\"https:\/\/www.lescakesdelaura.com\/?s={search_term_string}\"},\"query-input\":\"required name=search_term_string\"}],\"inLanguage\":\"fr-FR\"}]}<\/script>\n<!-- \/ Yoast SEO plugin. -->","yoast_head_json":{"title":"Production - Les cakes de Laura","robots":{"index":"index","follow":"follow","max-snippet":"max-snippet:-1","max-image-preview":"max-image-preview:large","max-video-preview":"max-video-preview:-1"},"canonical":"https:\/\/www.lescakesdelaura.com\/fr\/production\/","og_locale":"fr_FR","og_type":"article","og_title":"Production - Les cakes de Laura","og_description":"[vc_row][vc_column][mk_padding_divider size=\u00a0\u00bb240&Prime;][mk_dropcaps style=\u00a0\u00bbfancy-style\u00a0\u00bb size=\u00a0\u00bb46&Prime; padding=\u00a0\u00bb6&Prime; background_color=\u00a0\u00bb#3bbebb\u00a0\u00bb text_color=\u00a0\u00bb#ffffff\u00a0\u00bb]J[\/mk_dropcaps][vc_column_text disable_pattern=\u00a0\u00bbfalse\u00a0\u00bb css=\u00a0\u00bb.vc_custom_1665310295631{margin-bottom: 0px !important;}\u00a0\u00bb]&rsquo;aime pouvoir cr\u00e9er des g\u00e2teaux diff\u00e9rents pour chaque occasion, en tenant compte des go\u00fbts, des couleurs, des styles et surtout [&hellip;]","og_url":"https:\/\/www.lescakesdelaura.com\/fr\/production\/","og_site_name":"Les cakes de Laura","twitter_card":"summary_large_image","twitter_misc":{"Dur\u00e9e de lecture estim\u00e9e":"8 minutes"},"schema":{"@context":"https:\/\/schema.org","@graph":[{"@type":"WebPage","@id":"https:\/\/www.lescakesdelaura.com\/fr\/production\/","url":"https:\/\/www.lescakesdelaura.com\/fr\/production\/","name":"Production - Les cakes de Laura","isPartOf":{"@id":"https:\/\/www.lescakesdelaura.com\/#website"},"datePublished":"2023-02-15T11:26:52+00:00","dateModified":"2023-02-15T11:26:52+00:00","breadcrumb":{"@id":"https:\/\/www.lescakesdelaura.com\/fr\/production\/#breadcrumb"},"inLanguage":"fr-FR","potentialAction":[{"@type":"ReadAction","target":["https:\/\/www.lescakesdelaura.com\/fr\/production\/"]}]},{"@type":"BreadcrumbList","@id":"https:\/\/www.lescakesdelaura.com\/fr\/production\/#breadcrumb","itemListElement":[{"@type":"ListItem","position":1,"name":"Home","item":"https:\/\/www.lescakesdelaura.com\/fr\/accueil\/"},{"@type":"ListItem","position":2,"name":"Production"}]},{"@type":"WebSite","@id":"https:\/\/www.lescakesdelaura.com\/#website","url":"https:\/\/www.lescakesdelaura.com\/","name":"Les cakes de Laura","description":"P\u00e2tisserie cr\u00e9ative et g\u00e2teaux personnalis\u00e9s Marrakech","potentialAction":[{"@type":"SearchAction","target":{"@type":"EntryPoint","urlTemplate":"https:\/\/www.lescakesdelaura.com\/?s={search_term_string}"},"query-input":"required name=search_term_string"}],"inLanguage":"fr-FR"}]}},"_links":{"self":[{"href":"https:\/\/www.lescakesdelaura.com\/fr\/wp-json\/wp\/v2\/pages\/85396"}],"collection":[{"href":"https:\/\/www.lescakesdelaura.com\/fr\/wp-json\/wp\/v2\/pages"}],"about":[{"href":"https:\/\/www.lescakesdelaura.com\/fr\/wp-json\/wp\/v2\/types\/page"}],"author":[{"embeddable":true,"href":"https:\/\/www.lescakesdelaura.com\/fr\/wp-json\/wp\/v2\/users\/1"}],"replies":[{"embeddable":true,"href":"https:\/\/www.lescakesdelaura.com\/fr\/wp-json\/wp\/v2\/comments?post=85396"}],"version-history":[{"count":0,"href":"https:\/\/www.lescakesdelaura.com\/fr\/wp-json\/wp\/v2\/pages\/85396\/revisions"}],"wp:attachment":[{"href":"https:\/\/www.lescakesdelaura.com\/fr\/wp-json\/wp\/v2\/media?parent=85396"}],"curies":[{"name":"wp","href":"https:\/\/api.w.org\/{rel}","templated":true}]}}