{"id":85378,"date":"2023-02-15T12:12:14","date_gmt":"2023-02-15T11:12:14","guid":{"rendered":"https:\/\/www.lescakesdelaura.com\/laura\/"},"modified":"2023-02-15T12:12:14","modified_gmt":"2023-02-15T11:12:14","slug":"laura","status":"publish","type":"page","link":"https:\/\/www.lescakesdelaura.com\/fr\/laura\/","title":{"rendered":"Laura"},"content":{"rendered":"<div class=\"wpb-content-wrapper\">[vc_row fullwidth=\u00a0\u00bbtrue\u00a0\u00bb][vc_column][mk_padding_divider size=\u00a0\u00bb120&Prime;][\/vc_column][\/vc_row][vc_row][vc_column width=\u00a0\u00bb1\/2&Prime;][mk_padding_divider size=\u00a0\u00bb78&Prime;][mk_fancy_title tag_name=\u00a0\u00bbh1&Prime; color=\u00a0\u00bb#ce3352&Prime; size=\u00a0\u00bb60&Prime; force_font_size=\u00a0\u00bbtrue\u00a0\u00bb size_phone=\u00a0\u00bb40&Prime; font_weight=\u00a0\u00bbbold\u00a0\u00bb txt_transform=\u00a0\u00bbnone\u00a0\u00bb margin_bottom=\u00a0\u00bb0&Prime; font_family=\u00a0\u00bbnone\u00a0\u00bb]Un peu de moi[\/mk_fancy_title][mk_padding_divider size=\u00a0\u00bb78&Prime;][mk_dropcaps style=\u00a0\u00bbfancy-style\u00a0\u00bb size=\u00a0\u00bb46&Prime; padding=\u00a0\u00bb6&Prime; background_color=\u00a0\u00bb#3bbebb\u00a0\u00bb text_color=\u00a0\u00bb#ffffff\u00a0\u00bb]N[\/mk_dropcaps][vc_column_text disable_pattern=\u00a0\u00bbfalse\u00a0\u00bb css=\u00a0\u00bb.vc_custom_1672225149441{margin-bottom: 0px !important;}\u00a0\u00bb]\u00e9e en Colombie, avec une m\u00e8re artiste et une grand-m\u00e8re passionn\u00e9e de cuisine, les couleurs et les odeurs \u00e9taient toujours pr\u00e9sentes dans mon enfance. Dans mon travail de p\u00e2tisserie et de conception de g\u00e2teaux personnalis\u00e9s, j&rsquo;ai pu int\u00e9grer ces deux domaines si pr\u00e9sents dans ma vie, l&rsquo;art et la cuisine. \u00c0 travers mes cr\u00e9ations, je cherche \u00e0 apporter l&rsquo;art \u00e0 la table, \u00e0 cr\u00e9er des moments et des souvenirs inoubliables.<\/p>\n<p>J&rsquo;ai \u00e9tudi\u00e9 la finance et les relations internationales et apr\u00e8s avoir travaill\u00e9 pendant plusieurs ann\u00e9es dans le secteur financier et diplomatique, j&rsquo;ai d\u00e9cid\u00e9 de changer le travail que je faisais pour ce qui me passionnait. En 2016, lorsque j&rsquo;ai d\u00e9m\u00e9nag\u00e9 \u00e0 Marrakech, j&rsquo;ai d\u00e9cid\u00e9 de me consacrer enti\u00e8rement \u00e0 la p\u00e2tisserie cr\u00e9ative et j&rsquo;ai commenc\u00e9 mon voyage dans ce nouveau monde. Depuis lors, je n&rsquo;ai cess\u00e9 de pr\u00e9parer des g\u00e2teaux, des cupcakes et des biscuits, tous avec une touche artistique.<\/p>\n<p>Pendant les 3 ann\u00e9es suivantes et jusqu&rsquo;en juillet 2019, j&rsquo;ai \u00e9t\u00e9 pr\u00e9sente \u00e0 de nombreuses f\u00eates, mariages et \u00e9v\u00e9nements \u00e0 Marrakech. Je l&rsquo;ai compl\u00e9t\u00e9 en donnant des cours de cuisine aux enfants. Actuellement, je vis \u00e0 Alicante o\u00f9 j&rsquo;ai rouvert mes portes, avec l&rsquo;illusion de continuer \u00e0 cr\u00e9er et \u00e0 apporter l&rsquo;art \u00e0 toutes sortes d&rsquo;\u00e9v\u00e9nements et de c\u00e9l\u00e9brations.<\/p>\n<p>L&rsquo;un de mes projets pour l&rsquo;ann\u00e9e prochaine est d&rsquo;ouvrir ma propre acad\u00e9mie de boulangerie pour enfants et adultes afin de pouvoir transmettre ma passion aux autres.<\/p>\n[\/vc_column_text][\/vc_column][vc_column width=\u00a0\u00bb1\/2&Prime;][mk_padding_divider size=\u00a0\u00bb78&Prime;][mk_padding_divider size=\u00a0\u00bb100&Prime;][mk_image src=\u00a0\u00bbhttps:\/\/www.lescakesdelaura.com\/wp-content\/uploads\/2022\/11\/laura.jpg\u00a0\u00bb image_size=\u00a0\u00bbfull\u00a0\u00bb][\/vc_column][\/vc_row][vc_row][vc_column][vc_column_text css=\u00a0\u00bb.vc_custom_1672225162890{margin-bottom: 0px !important;}\u00a0\u00bb][\/vc_column_text][\/vc_column][\/vc_row][vc_row css=\u00a0\u00bb.vc_custom_1665309744189{margin-bottom: 40px !important;background-color: #eceadf !important;}\u00a0\u00bb][vc_column][mk_padding_divider size=\u00a0\u00bb30&Prime;][mk_fancy_title color=\u00a0\u00bb#ce3352&Prime; size=\u00a0\u00bb60&Prime; force_font_size=\u00a0\u00bbtrue\u00a0\u00bb size_phone=\u00a0\u00bb40&Prime; line_height=\u00a0\u00bb95&Prime; font_weight=\u00a0\u00bbbold\u00a0\u00bb txt_transform=\u00a0\u00bbnone\u00a0\u00bb margin_bottom=\u00a0\u00bb0&Prime; font_family=\u00a0\u00bbnone\u00a0\u00bb align=\u00a0\u00bbcenter\u00a0\u00bb]Ce que disent nos clients&#8230;[\/mk_fancy_title][mk_testimonials style=\u00a0\u00bbsimple\u00a0\u00bb count=\u00a0\u00bb50&Prime;][vc_raw_html]PHN0eWxlPi5tay10ZXN0aW1vbmlhbC5zaW1wbGUtc3R5bGUgc3ZnW2RhdGEtbmFtZT1tay1tb29uLXF1b3Rlcy1sZWZ0XSwgLm1rLXRlc3RpbW9uaWFsLnNpbXBsZS1zdHlsZSBzdmdbZGF0YS1uYW1lPW1rLW1vb24tcXVvdGVzLXJpZ2h0XSB7PGJyIC8+DQogICAgZmlsbDogI2NlMzM1MiAhaW1wb3J0YW50OzxiciAvPg0KfTwvc3R5bGU+[\/vc_raw_html][\/vc_column][\/vc_row]\n<\/div>","protected":false},"excerpt":{"rendered":"<p>[vc_row fullwidth=\u00a0\u00bbtrue\u00a0\u00bb][vc_column][mk_padding_divider size=\u00a0\u00bb120&Prime;][\/vc_column][\/vc_row][vc_row][vc_column width=\u00a0\u00bb1\/2&Prime;][mk_padding_divider size=\u00a0\u00bb78&Prime;][mk_fancy_title tag_name=\u00a0\u00bbh1&Prime; color=\u00a0\u00bb#ce3352&Prime; size=\u00a0\u00bb60&Prime; force_font_size=\u00a0\u00bbtrue\u00a0\u00bb size_phone=\u00a0\u00bb40&Prime; font_weight=\u00a0\u00bbbold\u00a0\u00bb txt_transform=\u00a0\u00bbnone\u00a0\u00bb margin_bottom=\u00a0\u00bb0&Prime; font_family=\u00a0\u00bbnone\u00a0\u00bb]Un peu de moi[\/mk_fancy_title][mk_padding_divider size=\u00a0\u00bb78&Prime;][mk_dropcaps style=\u00a0\u00bbfancy-style\u00a0\u00bb size=\u00a0\u00bb46&Prime; padding=\u00a0\u00bb6&Prime; background_color=\u00a0\u00bb#3bbebb\u00a0\u00bb text_color=\u00a0\u00bb#ffffff\u00a0\u00bb]N[\/mk_dropcaps][vc_column_text disable_pattern=\u00a0\u00bbfalse\u00a0\u00bb css=\u00a0\u00bb.vc_custom_1672225149441{margin-bottom: 0px !important;}\u00a0\u00bb]\u00e9e en Colombie, avec [&hellip;]<\/p>\n","protected":false},"author":1,"featured_media":0,"parent":0,"menu_order":0,"comment_status":"closed","ping_status":"closed","template":"","meta":{"footnotes":""},"class_list":["post-85378","page","type-page","status-publish","hentry"],"yoast_head":"<!-- This site is optimized with the Yoast SEO plugin v23.2 - https:\/\/yoast.com\/wordpress\/plugins\/seo\/ -->\n<title>Laura - Les cakes de Laura<\/title>\n<meta name=\"robots\" content=\"index, follow, max-snippet:-1, max-image-preview:large, max-video-preview:-1\" \/>\n<link rel=\"canonical\" href=\"https:\/\/www.lescakesdelaura.com\/fr\/laura\/\" \/>\n<meta property=\"og:locale\" content=\"fr_FR\" \/>\n<meta property=\"og:type\" content=\"article\" \/>\n<meta property=\"og:title\" content=\"Laura - Les cakes de Laura\" \/>\n<meta property=\"og:description\" content=\"[vc_row fullwidth=\u00a0\u00bbtrue\u00a0\u00bb][vc_column][mk_padding_divider size=\u00a0\u00bb120&Prime;][\/vc_column][\/vc_row][vc_row][vc_column width=\u00a0\u00bb1\/2&Prime;][mk_padding_divider size=\u00a0\u00bb78&Prime;][mk_fancy_title tag_name=\u00a0\u00bbh1&Prime; color=\u00a0\u00bb#ce3352&Prime; size=\u00a0\u00bb60&Prime; force_font_size=\u00a0\u00bbtrue\u00a0\u00bb size_phone=\u00a0\u00bb40&Prime; font_weight=\u00a0\u00bbbold\u00a0\u00bb txt_transform=\u00a0\u00bbnone\u00a0\u00bb margin_bottom=\u00a0\u00bb0&Prime; font_family=\u00a0\u00bbnone\u00a0\u00bb]Un peu de moi[\/mk_fancy_title][mk_padding_divider size=\u00a0\u00bb78&Prime;][mk_dropcaps style=\u00a0\u00bbfancy-style\u00a0\u00bb size=\u00a0\u00bb46&Prime; padding=\u00a0\u00bb6&Prime; background_color=\u00a0\u00bb#3bbebb\u00a0\u00bb text_color=\u00a0\u00bb#ffffff\u00a0\u00bb]N[\/mk_dropcaps][vc_column_text disable_pattern=\u00a0\u00bbfalse\u00a0\u00bb css=\u00a0\u00bb.vc_custom_1672225149441{margin-bottom: 0px !important;}\u00a0\u00bb]\u00e9e en Colombie, avec [&hellip;]\" \/>\n<meta property=\"og:url\" content=\"https:\/\/www.lescakesdelaura.com\/fr\/laura\/\" \/>\n<meta property=\"og:site_name\" content=\"Les cakes de Laura\" \/>\n<meta name=\"twitter:card\" content=\"summary_large_image\" \/>\n<meta name=\"twitter:label1\" content=\"Dur\u00e9e de lecture estim\u00e9e\" \/>\n\t<meta name=\"twitter:data1\" content=\"3 minutes\" \/>\n<script type=\"application\/ld+json\" class=\"yoast-schema-graph\">{\"@context\":\"https:\/\/schema.org\",\"@graph\":[{\"@type\":\"WebPage\",\"@id\":\"https:\/\/www.lescakesdelaura.com\/fr\/laura\/\",\"url\":\"https:\/\/www.lescakesdelaura.com\/fr\/laura\/\",\"name\":\"Laura - Les cakes de Laura\",\"isPartOf\":{\"@id\":\"https:\/\/www.lescakesdelaura.com\/#website\"},\"datePublished\":\"2023-02-15T11:12:14+00:00\",\"dateModified\":\"2023-02-15T11:12:14+00:00\",\"breadcrumb\":{\"@id\":\"https:\/\/www.lescakesdelaura.com\/fr\/laura\/#breadcrumb\"},\"inLanguage\":\"fr-FR\",\"potentialAction\":[{\"@type\":\"ReadAction\",\"target\":[\"https:\/\/www.lescakesdelaura.com\/fr\/laura\/\"]}]},{\"@type\":\"BreadcrumbList\",\"@id\":\"https:\/\/www.lescakesdelaura.com\/fr\/laura\/#breadcrumb\",\"itemListElement\":[{\"@type\":\"ListItem\",\"position\":1,\"name\":\"Home\",\"item\":\"https:\/\/www.lescakesdelaura.com\/fr\/accueil\/\"},{\"@type\":\"ListItem\",\"position\":2,\"name\":\"Laura\"}]},{\"@type\":\"WebSite\",\"@id\":\"https:\/\/www.lescakesdelaura.com\/#website\",\"url\":\"https:\/\/www.lescakesdelaura.com\/\",\"name\":\"Les cakes de Laura\",\"description\":\"P\u00e2tisserie cr\u00e9ative et g\u00e2teaux personnalis\u00e9s Marrakech\",\"potentialAction\":[{\"@type\":\"SearchAction\",\"target\":{\"@type\":\"EntryPoint\",\"urlTemplate\":\"https:\/\/www.lescakesdelaura.com\/?s={search_term_string}\"},\"query-input\":\"required name=search_term_string\"}],\"inLanguage\":\"fr-FR\"}]}<\/script>\n<!-- \/ Yoast SEO plugin. -->","yoast_head_json":{"title":"Laura - Les cakes de Laura","robots":{"index":"index","follow":"follow","max-snippet":"max-snippet:-1","max-image-preview":"max-image-preview:large","max-video-preview":"max-video-preview:-1"},"canonical":"https:\/\/www.lescakesdelaura.com\/fr\/laura\/","og_locale":"fr_FR","og_type":"article","og_title":"Laura - Les cakes de Laura","og_description":"[vc_row fullwidth=\u00a0\u00bbtrue\u00a0\u00bb][vc_column][mk_padding_divider size=\u00a0\u00bb120&Prime;][\/vc_column][\/vc_row][vc_row][vc_column width=\u00a0\u00bb1\/2&Prime;][mk_padding_divider size=\u00a0\u00bb78&Prime;][mk_fancy_title tag_name=\u00a0\u00bbh1&Prime; color=\u00a0\u00bb#ce3352&Prime; size=\u00a0\u00bb60&Prime; force_font_size=\u00a0\u00bbtrue\u00a0\u00bb size_phone=\u00a0\u00bb40&Prime; font_weight=\u00a0\u00bbbold\u00a0\u00bb txt_transform=\u00a0\u00bbnone\u00a0\u00bb margin_bottom=\u00a0\u00bb0&Prime; font_family=\u00a0\u00bbnone\u00a0\u00bb]Un peu de moi[\/mk_fancy_title][mk_padding_divider size=\u00a0\u00bb78&Prime;][mk_dropcaps style=\u00a0\u00bbfancy-style\u00a0\u00bb size=\u00a0\u00bb46&Prime; padding=\u00a0\u00bb6&Prime; background_color=\u00a0\u00bb#3bbebb\u00a0\u00bb text_color=\u00a0\u00bb#ffffff\u00a0\u00bb]N[\/mk_dropcaps][vc_column_text disable_pattern=\u00a0\u00bbfalse\u00a0\u00bb css=\u00a0\u00bb.vc_custom_1672225149441{margin-bottom: 0px !important;}\u00a0\u00bb]\u00e9e en Colombie, avec [&hellip;]","og_url":"https:\/\/www.lescakesdelaura.com\/fr\/laura\/","og_site_name":"Les cakes de Laura","twitter_card":"summary_large_image","twitter_misc":{"Dur\u00e9e de lecture estim\u00e9e":"3 minutes"},"schema":{"@context":"https:\/\/schema.org","@graph":[{"@type":"WebPage","@id":"https:\/\/www.lescakesdelaura.com\/fr\/laura\/","url":"https:\/\/www.lescakesdelaura.com\/fr\/laura\/","name":"Laura - Les cakes de Laura","isPartOf":{"@id":"https:\/\/www.lescakesdelaura.com\/#website"},"datePublished":"2023-02-15T11:12:14+00:00","dateModified":"2023-02-15T11:12:14+00:00","breadcrumb":{"@id":"https:\/\/www.lescakesdelaura.com\/fr\/laura\/#breadcrumb"},"inLanguage":"fr-FR","potentialAction":[{"@type":"ReadAction","target":["https:\/\/www.lescakesdelaura.com\/fr\/laura\/"]}]},{"@type":"BreadcrumbList","@id":"https:\/\/www.lescakesdelaura.com\/fr\/laura\/#breadcrumb","itemListElement":[{"@type":"ListItem","position":1,"name":"Home","item":"https:\/\/www.lescakesdelaura.com\/fr\/accueil\/"},{"@type":"ListItem","position":2,"name":"Laura"}]},{"@type":"WebSite","@id":"https:\/\/www.lescakesdelaura.com\/#website","url":"https:\/\/www.lescakesdelaura.com\/","name":"Les cakes de Laura","description":"P\u00e2tisserie cr\u00e9ative et g\u00e2teaux personnalis\u00e9s Marrakech","potentialAction":[{"@type":"SearchAction","target":{"@type":"EntryPoint","urlTemplate":"https:\/\/www.lescakesdelaura.com\/?s={search_term_string}"},"query-input":"required name=search_term_string"}],"inLanguage":"fr-FR"}]}},"_links":{"self":[{"href":"https:\/\/www.lescakesdelaura.com\/fr\/wp-json\/wp\/v2\/pages\/85378"}],"collection":[{"href":"https:\/\/www.lescakesdelaura.com\/fr\/wp-json\/wp\/v2\/pages"}],"about":[{"href":"https:\/\/www.lescakesdelaura.com\/fr\/wp-json\/wp\/v2\/types\/page"}],"author":[{"embeddable":true,"href":"https:\/\/www.lescakesdelaura.com\/fr\/wp-json\/wp\/v2\/users\/1"}],"replies":[{"embeddable":true,"href":"https:\/\/www.lescakesdelaura.com\/fr\/wp-json\/wp\/v2\/comments?post=85378"}],"version-history":[{"count":0,"href":"https:\/\/www.lescakesdelaura.com\/fr\/wp-json\/wp\/v2\/pages\/85378\/revisions"}],"wp:attachment":[{"href":"https:\/\/www.lescakesdelaura.com\/fr\/wp-json\/wp\/v2\/media?parent=85378"}],"curies":[{"name":"wp","href":"https:\/\/api.w.org\/{rel}","templated":true}]}}