{"id":85353,"date":"2023-02-15T11:58:41","date_gmt":"2023-02-15T10:58:41","guid":{"rendered":"https:\/\/www.lescakesdelaura.com\/galerie\/"},"modified":"2023-02-15T11:58:41","modified_gmt":"2023-02-15T10:58:41","slug":"galerie","status":"publish","type":"page","link":"https:\/\/www.lescakesdelaura.com\/fr\/galerie\/","title":{"rendered":"Galerie"},"content":{"rendered":"<div class=\"wpb-content-wrapper\">[vc_row fullwidth=\u00a0\u00bbtrue\u00a0\u00bb][vc_column][mk_padding_divider size=\u00a0\u00bb180&Prime;][mk_fancy_title tag_name=\u00a0\u00bbh1&Prime; color=\u00a0\u00bb#ce3352&Prime; size=\u00a0\u00bb60&Prime; force_font_size=\u00a0\u00bbtrue\u00a0\u00bb size_phone=\u00a0\u00bb40&Prime; font_weight=\u00a0\u00bbbold\u00a0\u00bb txt_transform=\u00a0\u00bbnone\u00a0\u00bb font_family=\u00a0\u00bbnone\u00a0\u00bb align=\u00a0\u00bbcenter\u00a0\u00bb]Galerie[\/mk_fancy_title][\/vc_column][\/vc_row][vc_row][vc_column][mk_padding_divider size=\u00a0\u00bb0&Prime;][\/vc_column][\/vc_row][mk_page_section bg_position=\u00a0\u00bbcenter center\u00a0\u00bb padding_top=\u00a0\u00bb40&Prime; padding_bottom=\u00a0\u00bb30&Prime; sidebar=\u00a0\u00bbsidebar-1&Prime;][vc_column][vc_tabs style=\u00a0\u00bbsimple\u00a0\u00bb container_bg_color=\u00a0\u00bb\u00a0\u00bb el_class=\u00a0\u00bbgalerieurl\u00a0\u00bb][vc_tab title=\u00a0\u00bbG\u00e2teaux de mariage\u00a0\u00bb tab_id=\u00a0\u00bb1520869693-2-80&Prime;][mk_gallery images=\u00a0\u00bb75592,75595,75598,75601,75604,75607,75610,75613,75616,75619,75622,75625,75628,75631,75634,75637,75640,75643&Prime; order=\u00a0\u00bbDESC\u00a0\u00bb orderby=\u00a0\u00bbrand\u00a0\u00bb][\/vc_tab][vc_tab title=\u00a0\u00bbDates sp\u00e9ciales\u00a0\u00bb tab_id=\u00a0\u00bb1520870281041-2-3&Prime;][mk_gallery images=\u00a0\u00bb75647,75650,75653,75656,75659,75662,75665,75668,75671,75674,75677,75680,75683,75686,75689,75693,75696,75699&Prime; order=\u00a0\u00bbDESC\u00a0\u00bb orderby=\u00a0\u00bbrand\u00a0\u00bb][\/vc_tab][vc_tab title=\u00a0\u00bbG\u00e2teaux pour enfants\u00a0\u00bb tab_id=\u00a0\u00bb1520870294629-3-7&Prime;][mk_gallery images=\u00a0\u00bb75702,75705,75708,75711,75714,75717,75720,75723,75726,75729,75732,75735,75738,75741,75744,75748,75751,75754,75757,75760&Prime; order=\u00a0\u00bbDESC\u00a0\u00bb orderby=\u00a0\u00bbrand\u00a0\u00bb][\/vc_tab][vc_tab title=\u00a0\u00bbCupcakes- biscuits et autres\u00a0\u00bb tab_id=\u00a0\u00bb1667294487624-4-9&Prime;][mk_gallery images=\u00a0\u00bb75763,75766,75769,75772,75775,75778,75782,75785,75788,75791,75794,75797,75800,75803,75806,75809,75812,75815,75818,75821,75824,75827,75830,75833,75836,75840,75843,75846,75849,75853,75856,75859,75862&Prime; order=\u00a0\u00bbDESC\u00a0\u00bb orderby=\u00a0\u00bbrand\u00a0\u00bb][\/vc_tab][vc_tab title=\u00a0\u00bbBo\u00eetes sp\u00e9ciales\u00a0\u00bb tab_id=\u00a0\u00bb1667294505926-5-7&Prime;][mk_gallery images=\u00a0\u00bb75865,75868,75871,75875,75878,75881,75884,75887,75890&Prime; order=\u00a0\u00bbDESC\u00a0\u00bb orderby=\u00a0\u00bbrand\u00a0\u00bb][\/vc_tab][vc_tab title=\u00a0\u00bbTartes aux biscuits\u00a0\u00bb tab_id=\u00a0\u00bb1667294535702-6-1&Prime;][mk_gallery images=\u00a0\u00bb75896,75899,75902,75905,75908&Prime; order=\u00a0\u00bbDESC\u00a0\u00bb orderby=\u00a0\u00bbrand\u00a0\u00bb][\/vc_tab][\/vc_tabs][vc_raw_html]PHN0eWxlPi5nYWxlcmlldXJsIHVsIHsgZGlzcGxheTogZmxleDsganVzdGlmeS1jb250ZW50OiBjZW50ZXI7IHRleHQtdHJhbnNmb3JtOiB1cHBlcmNhc2U7IH08L3N0eWxlPg==[\/vc_raw_html][\/vc_column][\/mk_page_section][vc_row][vc_column][mk_padding_divider size=\u00a0\u00bb120&Prime;][\/vc_column][\/vc_row]\n<\/div>","protected":false},"excerpt":{"rendered":"<p>[vc_row fullwidth=\u00a0\u00bbtrue\u00a0\u00bb][vc_column][mk_padding_divider size=\u00a0\u00bb180&Prime;][mk_fancy_title tag_name=\u00a0\u00bbh1&Prime; color=\u00a0\u00bb#ce3352&Prime; size=\u00a0\u00bb60&Prime; force_font_size=\u00a0\u00bbtrue\u00a0\u00bb size_phone=\u00a0\u00bb40&Prime; font_weight=\u00a0\u00bbbold\u00a0\u00bb txt_transform=\u00a0\u00bbnone\u00a0\u00bb font_family=\u00a0\u00bbnone\u00a0\u00bb align=\u00a0\u00bbcenter\u00a0\u00bb]Galerie[\/mk_fancy_title][\/vc_column][\/vc_row][vc_row][vc_column][mk_padding_divider size=\u00a0\u00bb0&Prime;][\/vc_column][\/vc_row][mk_page_section bg_position=\u00a0\u00bbcenter center\u00a0\u00bb padding_top=\u00a0\u00bb40&Prime; padding_bottom=\u00a0\u00bb30&Prime; sidebar=\u00a0\u00bbsidebar-1&Prime;][vc_column][vc_tabs style=\u00a0\u00bbsimple\u00a0\u00bb container_bg_color=\u00a0\u00bb\u00a0\u00bb el_class=\u00a0\u00bbgalerieurl\u00a0\u00bb][vc_tab title=\u00a0\u00bbG\u00e2teaux de mariage\u00a0\u00bb tab_id=\u00a0\u00bb1520869693-2-80&Prime;][mk_gallery images=\u00a0\u00bb75592,75595,75598,75601,75604,75607,75610,75613,75616,75619,75622,75625,75628,75631,75634,75637,75640,75643&Prime; order=\u00a0\u00bbDESC\u00a0\u00bb orderby=\u00a0\u00bbrand\u00a0\u00bb][\/vc_tab][vc_tab title=\u00a0\u00bbDates sp\u00e9ciales\u00a0\u00bb [&hellip;]<\/p>\n","protected":false},"author":1,"featured_media":0,"parent":0,"menu_order":0,"comment_status":"closed","ping_status":"closed","template":"","meta":{"footnotes":""},"class_list":["post-85353","page","type-page","status-publish","hentry"],"yoast_head":"<!-- This site is optimized with the Yoast SEO plugin v23.2 - https:\/\/yoast.com\/wordpress\/plugins\/seo\/ -->\n<title>Galerie - Les cakes de Laura<\/title>\n<meta name=\"robots\" content=\"index, follow, max-snippet:-1, max-image-preview:large, max-video-preview:-1\" \/>\n<link rel=\"canonical\" href=\"https:\/\/www.lescakesdelaura.com\/fr\/galerie\/\" \/>\n<meta property=\"og:locale\" content=\"fr_FR\" \/>\n<meta property=\"og:type\" content=\"article\" \/>\n<meta property=\"og:title\" content=\"Galerie - Les cakes de Laura\" \/>\n<meta property=\"og:description\" content=\"[vc_row fullwidth=\u00a0\u00bbtrue\u00a0\u00bb][vc_column][mk_padding_divider size=\u00a0\u00bb180&Prime;][mk_fancy_title tag_name=\u00a0\u00bbh1&Prime; color=\u00a0\u00bb#ce3352&Prime; size=\u00a0\u00bb60&Prime; force_font_size=\u00a0\u00bbtrue\u00a0\u00bb size_phone=\u00a0\u00bb40&Prime; font_weight=\u00a0\u00bbbold\u00a0\u00bb txt_transform=\u00a0\u00bbnone\u00a0\u00bb font_family=\u00a0\u00bbnone\u00a0\u00bb align=\u00a0\u00bbcenter\u00a0\u00bb]Galerie[\/mk_fancy_title][\/vc_column][\/vc_row][vc_row][vc_column][mk_padding_divider size=\u00a0\u00bb0&Prime;][\/vc_column][\/vc_row][mk_page_section bg_position=\u00a0\u00bbcenter center\u00a0\u00bb padding_top=\u00a0\u00bb40&Prime; padding_bottom=\u00a0\u00bb30&Prime; sidebar=\u00a0\u00bbsidebar-1&Prime;][vc_column][vc_tabs style=\u00a0\u00bbsimple\u00a0\u00bb container_bg_color=\u00a0\u00bb\u00a0\u00bb el_class=\u00a0\u00bbgalerieurl\u00a0\u00bb][vc_tab title=\u00a0\u00bbG\u00e2teaux de mariage\u00a0\u00bb tab_id=\u00a0\u00bb1520869693-2-80&Prime;][mk_gallery images=\u00a0\u00bb75592,75595,75598,75601,75604,75607,75610,75613,75616,75619,75622,75625,75628,75631,75634,75637,75640,75643&Prime; order=\u00a0\u00bbDESC\u00a0\u00bb orderby=\u00a0\u00bbrand\u00a0\u00bb][\/vc_tab][vc_tab title=\u00a0\u00bbDates sp\u00e9ciales\u00a0\u00bb [&hellip;]\" \/>\n<meta property=\"og:url\" content=\"https:\/\/www.lescakesdelaura.com\/fr\/galerie\/\" \/>\n<meta property=\"og:site_name\" content=\"Les cakes de Laura\" \/>\n<meta name=\"twitter:card\" content=\"summary_large_image\" \/>\n<meta name=\"twitter:label1\" content=\"Dur\u00e9e de lecture estim\u00e9e\" \/>\n\t<meta name=\"twitter:data1\" content=\"1 minute\" \/>\n<script type=\"application\/ld+json\" class=\"yoast-schema-graph\">{\"@context\":\"https:\/\/schema.org\",\"@graph\":[{\"@type\":\"WebPage\",\"@id\":\"https:\/\/www.lescakesdelaura.com\/fr\/galerie\/\",\"url\":\"https:\/\/www.lescakesdelaura.com\/fr\/galerie\/\",\"name\":\"Galerie - Les cakes de Laura\",\"isPartOf\":{\"@id\":\"https:\/\/www.lescakesdelaura.com\/#website\"},\"datePublished\":\"2023-02-15T10:58:41+00:00\",\"dateModified\":\"2023-02-15T10:58:41+00:00\",\"breadcrumb\":{\"@id\":\"https:\/\/www.lescakesdelaura.com\/fr\/galerie\/#breadcrumb\"},\"inLanguage\":\"fr-FR\",\"potentialAction\":[{\"@type\":\"ReadAction\",\"target\":[\"https:\/\/www.lescakesdelaura.com\/fr\/galerie\/\"]}]},{\"@type\":\"BreadcrumbList\",\"@id\":\"https:\/\/www.lescakesdelaura.com\/fr\/galerie\/#breadcrumb\",\"itemListElement\":[{\"@type\":\"ListItem\",\"position\":1,\"name\":\"Home\",\"item\":\"https:\/\/www.lescakesdelaura.com\/fr\/accueil\/\"},{\"@type\":\"ListItem\",\"position\":2,\"name\":\"Galerie\"}]},{\"@type\":\"WebSite\",\"@id\":\"https:\/\/www.lescakesdelaura.com\/#website\",\"url\":\"https:\/\/www.lescakesdelaura.com\/\",\"name\":\"Les cakes de Laura\",\"description\":\"P\u00e2tisserie cr\u00e9ative et g\u00e2teaux personnalis\u00e9s Marrakech\",\"potentialAction\":[{\"@type\":\"SearchAction\",\"target\":{\"@type\":\"EntryPoint\",\"urlTemplate\":\"https:\/\/www.lescakesdelaura.com\/?s={search_term_string}\"},\"query-input\":\"required name=search_term_string\"}],\"inLanguage\":\"fr-FR\"}]}<\/script>\n<!-- \/ Yoast SEO plugin. -->","yoast_head_json":{"title":"Galerie - Les cakes de Laura","robots":{"index":"index","follow":"follow","max-snippet":"max-snippet:-1","max-image-preview":"max-image-preview:large","max-video-preview":"max-video-preview:-1"},"canonical":"https:\/\/www.lescakesdelaura.com\/fr\/galerie\/","og_locale":"fr_FR","og_type":"article","og_title":"Galerie - Les cakes de Laura","og_description":"[vc_row fullwidth=\u00a0\u00bbtrue\u00a0\u00bb][vc_column][mk_padding_divider size=\u00a0\u00bb180&Prime;][mk_fancy_title tag_name=\u00a0\u00bbh1&Prime; color=\u00a0\u00bb#ce3352&Prime; size=\u00a0\u00bb60&Prime; force_font_size=\u00a0\u00bbtrue\u00a0\u00bb size_phone=\u00a0\u00bb40&Prime; font_weight=\u00a0\u00bbbold\u00a0\u00bb txt_transform=\u00a0\u00bbnone\u00a0\u00bb font_family=\u00a0\u00bbnone\u00a0\u00bb align=\u00a0\u00bbcenter\u00a0\u00bb]Galerie[\/mk_fancy_title][\/vc_column][\/vc_row][vc_row][vc_column][mk_padding_divider size=\u00a0\u00bb0&Prime;][\/vc_column][\/vc_row][mk_page_section bg_position=\u00a0\u00bbcenter center\u00a0\u00bb padding_top=\u00a0\u00bb40&Prime; padding_bottom=\u00a0\u00bb30&Prime; sidebar=\u00a0\u00bbsidebar-1&Prime;][vc_column][vc_tabs style=\u00a0\u00bbsimple\u00a0\u00bb container_bg_color=\u00a0\u00bb\u00a0\u00bb el_class=\u00a0\u00bbgalerieurl\u00a0\u00bb][vc_tab title=\u00a0\u00bbG\u00e2teaux de mariage\u00a0\u00bb tab_id=\u00a0\u00bb1520869693-2-80&Prime;][mk_gallery images=\u00a0\u00bb75592,75595,75598,75601,75604,75607,75610,75613,75616,75619,75622,75625,75628,75631,75634,75637,75640,75643&Prime; order=\u00a0\u00bbDESC\u00a0\u00bb orderby=\u00a0\u00bbrand\u00a0\u00bb][\/vc_tab][vc_tab title=\u00a0\u00bbDates sp\u00e9ciales\u00a0\u00bb [&hellip;]","og_url":"https:\/\/www.lescakesdelaura.com\/fr\/galerie\/","og_site_name":"Les cakes de Laura","twitter_card":"summary_large_image","twitter_misc":{"Dur\u00e9e de lecture estim\u00e9e":"1 minute"},"schema":{"@context":"https:\/\/schema.org","@graph":[{"@type":"WebPage","@id":"https:\/\/www.lescakesdelaura.com\/fr\/galerie\/","url":"https:\/\/www.lescakesdelaura.com\/fr\/galerie\/","name":"Galerie - Les cakes de Laura","isPartOf":{"@id":"https:\/\/www.lescakesdelaura.com\/#website"},"datePublished":"2023-02-15T10:58:41+00:00","dateModified":"2023-02-15T10:58:41+00:00","breadcrumb":{"@id":"https:\/\/www.lescakesdelaura.com\/fr\/galerie\/#breadcrumb"},"inLanguage":"fr-FR","potentialAction":[{"@type":"ReadAction","target":["https:\/\/www.lescakesdelaura.com\/fr\/galerie\/"]}]},{"@type":"BreadcrumbList","@id":"https:\/\/www.lescakesdelaura.com\/fr\/galerie\/#breadcrumb","itemListElement":[{"@type":"ListItem","position":1,"name":"Home","item":"https:\/\/www.lescakesdelaura.com\/fr\/accueil\/"},{"@type":"ListItem","position":2,"name":"Galerie"}]},{"@type":"WebSite","@id":"https:\/\/www.lescakesdelaura.com\/#website","url":"https:\/\/www.lescakesdelaura.com\/","name":"Les cakes de Laura","description":"P\u00e2tisserie cr\u00e9ative et g\u00e2teaux personnalis\u00e9s Marrakech","potentialAction":[{"@type":"SearchAction","target":{"@type":"EntryPoint","urlTemplate":"https:\/\/www.lescakesdelaura.com\/?s={search_term_string}"},"query-input":"required name=search_term_string"}],"inLanguage":"fr-FR"}]}},"_links":{"self":[{"href":"https:\/\/www.lescakesdelaura.com\/fr\/wp-json\/wp\/v2\/pages\/85353"}],"collection":[{"href":"https:\/\/www.lescakesdelaura.com\/fr\/wp-json\/wp\/v2\/pages"}],"about":[{"href":"https:\/\/www.lescakesdelaura.com\/fr\/wp-json\/wp\/v2\/types\/page"}],"author":[{"embeddable":true,"href":"https:\/\/www.lescakesdelaura.com\/fr\/wp-json\/wp\/v2\/users\/1"}],"replies":[{"embeddable":true,"href":"https:\/\/www.lescakesdelaura.com\/fr\/wp-json\/wp\/v2\/comments?post=85353"}],"version-history":[{"count":0,"href":"https:\/\/www.lescakesdelaura.com\/fr\/wp-json\/wp\/v2\/pages\/85353\/revisions"}],"wp:attachment":[{"href":"https:\/\/www.lescakesdelaura.com\/fr\/wp-json\/wp\/v2\/media?parent=85353"}],"curies":[{"name":"wp","href":"https:\/\/api.w.org\/{rel}","templated":true}]}}