{"id":85346,"date":"2023-02-15T11:57:14","date_gmt":"2023-02-15T10:57:14","guid":{"rendered":"https:\/\/www.lescakesdelaura.com\/cours-de-patisserie\/"},"modified":"2023-02-15T11:57:14","modified_gmt":"2023-02-15T10:57:14","slug":"cours-de-patisserie","status":"publish","type":"page","link":"https:\/\/www.lescakesdelaura.com\/fr\/cours-de-patisserie\/","title":{"rendered":"Cours de p\u00e2tisserie"},"content":{"rendered":"<div class=\"wpb-content-wrapper\">[vc_row fullwidth=\u00a0\u00bbtrue\u00a0\u00bb][vc_column][mk_padding_divider size=\u00a0\u00bb200&Prime;][\/vc_column][\/vc_row][vc_row][vc_column][mk_fancy_title tag_name=\u00a0\u00bbh1&Prime; color=\u00a0\u00bb#ce3352&Prime; size=\u00a0\u00bb40&Prime; force_font_size=\u00a0\u00bbtrue\u00a0\u00bb size_phone=\u00a0\u00bb40&Prime; font_weight=\u00a0\u00bbbold\u00a0\u00bb txt_transform=\u00a0\u00bbnone\u00a0\u00bb margin_bottom=\u00a0\u00bb0&Prime; font_family=\u00a0\u00bbnone\u00a0\u00bb align=\u00a0\u00bbcenter\u00a0\u00bb]Cours de p\u00e2tisserie[\/mk_fancy_title][vc_column_text disable_pattern=\u00a0\u00bbfalse\u00a0\u00bb css=\u00a0\u00bb.vc_custom_1665312139160{margin-bottom: 0px !important;}\u00a0\u00bb]<strong>Etes-vous pr\u00eat \u00e0 faire passer vos g\u00e2teaux au niveau sup\u00e9rieur ?<\/strong><\/p>\n<p>Avec les cours de p\u00e2tisserie, d\u00e9couvrez de nouvelles recettes et apprenez \u00e0 d\u00e9corer vos propres g\u00e2teaux, en utilisant les derni\u00e8res techniques \u00e0 la mode.[\/vc_column_text][\/vc_column][\/vc_row][vc_row][vc_column][mk_padding_divider size=\u00a0\u00bb78&Prime;][mk_fancy_title tag_name=\u00a0\u00bbh1&Prime; color=\u00a0\u00bb#ce3352&Prime; size=\u00a0\u00bb40&Prime; force_font_size=\u00a0\u00bbtrue\u00a0\u00bb size_phone=\u00a0\u00bb40&Prime; font_weight=\u00a0\u00bbbold\u00a0\u00bb txt_transform=\u00a0\u00bbnone\u00a0\u00bb margin_bottom=\u00a0\u00bb0&Prime; font_family=\u00a0\u00bbnone\u00a0\u00bb align=\u00a0\u00bbcenter\u00a0\u00bb]Ateliers pour enfants[\/mk_fancy_title][vc_column_text disable_pattern=\u00a0\u00bbfalse\u00a0\u00bb css=\u00a0\u00bb.vc_custom_1665312174403{margin-bottom: 0px !important;}\u00a0\u00bb]Les ateliers sont con\u00e7us pour permettre aux enfants de d\u00e9couvrir diff\u00e9rents aliments, des ingr\u00e9dients de base et des recettes simples. Les projets qui seront dict\u00e9s seront th\u00e9matiques et seront li\u00e9s \u00e0 chaque p\u00e9riode de l&rsquo;ann\u00e9e, ce qui permettra aux enfants de d\u00e9couvrir l&rsquo;art de la p\u00e2tisserie \u00e0 travers des recettes ludiques et de d\u00e9velopper leur propre cr\u00e9ativit\u00e9.[\/vc_column_text][vc_row_inner][vc_column_inner width=\u00a0\u00bb1\/2&Prime;][mk_fancy_title color=\u00a0\u00bb#3ac0ba\u00a0\u00bb size=\u00a0\u00bb40&Prime; margin_bottom=\u00a0\u00bb0&Prime; font_family=\u00a0\u00bbnone\u00a0\u00bb]Cours aux G\u00e2teaux de Laura[\/mk_fancy_title][mk_padding_divider size=\u00a0\u00bb20&Prime;][vc_column_text css=\u00a0\u00bb.vc_custom_1665312245552{margin-bottom: 0px !important;}\u00a0\u00bb]\u00c2ge : entre 4 et 14 ans<\/p>\n<p>Enfants par classe : 10 maximum.<\/p>\n<p>Dur\u00e9e : entre 1h et 1h 30min en fonction de chaque recette.<\/p>\n<p>Suivez notre programme ici et r\u00e9servez votre place d\u00e8s maintenant ![\/vc_column_text][\/vc_column_inner][vc_column_inner width=\u00a0\u00bb1\/2&Prime;][mk_fancy_title color=\u00a0\u00bb#3ac0ba\u00a0\u00bb size=\u00a0\u00bb40&Prime; margin_bottom=\u00a0\u00bb0&Prime; font_family=\u00a0\u00bbnone\u00a0\u00bb]Classes priv\u00e9es[\/mk_fancy_title][mk_padding_divider size=\u00a0\u00bb20&Prime;][vc_column_text css=\u00a0\u00bb.vc_custom_1665312235138{margin-bottom: 0px !important;}\u00a0\u00bb]Si vous souhaitez r\u00e9aliser un projet sp\u00e9cial ou c\u00e9l\u00e9brer votre anniversaire d&rsquo;une mani\u00e8re diff\u00e9rente, des ateliers priv\u00e9s peuvent \u00eatre organis\u00e9s, avec un minimum de 4 enfants.<\/p>\n<p>Pour plus d&rsquo;informations et pour faire une r\u00e9servation, veuillez me contacter ici.[\/vc_column_text][\/vc_column_inner][\/vc_row_inner][\/vc_column][\/vc_row][vc_row][vc_column][mk_padding_divider size=\u00a0\u00bb78&Prime;][\/vc_column][\/vc_row][vc_row][vc_column][mk_padding_divider][mk_button dimension=\u00a0\u00bbflat\u00a0\u00bb corner_style=\u00a0\u00bbrounded\u00a0\u00bb size=\u00a0\u00bblarge\u00a0\u00bb url=\u00a0\u00bb\/events\/\u00a0\u00bb align=\u00a0\u00bbcenter\u00a0\u00bb bg_color=\u00a0\u00bb#3ac0ba\u00a0\u00bb btn_hover_bg=\u00a0\u00bb#11bfb6&Prime;]V\u00e9rifiez les \u00e9v\u00e9nements \u00e0 venir[\/mk_button][mk_padding_divider size=\u00a0\u00bb78&Prime;][vc_images_carousel images=\u00a0\u00bb58195,58198,58201,58204,58207&Prime; img_size=\u00a0\u00bbfull\u00a0\u00bb slides_per_view=\u00a0\u00bb3&Prime; autoplay=\u00a0\u00bbyes\u00a0\u00bb wrap=\u00a0\u00bbyes\u00a0\u00bb][mk_padding_divider][\/vc_column][\/vc_row]\n<\/div>","protected":false},"excerpt":{"rendered":"<p>[vc_row fullwidth=\u00a0\u00bbtrue\u00a0\u00bb][vc_column][mk_padding_divider size=\u00a0\u00bb200&Prime;][\/vc_column][\/vc_row][vc_row][vc_column][mk_fancy_title tag_name=\u00a0\u00bbh1&Prime; color=\u00a0\u00bb#ce3352&Prime; size=\u00a0\u00bb40&Prime; force_font_size=\u00a0\u00bbtrue\u00a0\u00bb size_phone=\u00a0\u00bb40&Prime; font_weight=\u00a0\u00bbbold\u00a0\u00bb txt_transform=\u00a0\u00bbnone\u00a0\u00bb margin_bottom=\u00a0\u00bb0&Prime; font_family=\u00a0\u00bbnone\u00a0\u00bb align=\u00a0\u00bbcenter\u00a0\u00bb]Cours de p\u00e2tisserie[\/mk_fancy_title][vc_column_text disable_pattern=\u00a0\u00bbfalse\u00a0\u00bb css=\u00a0\u00bb.vc_custom_1665312139160{margin-bottom: 0px !important;}\u00a0\u00bb]Etes-vous pr\u00eat \u00e0 faire passer vos g\u00e2teaux au niveau sup\u00e9rieur ? Avec [&hellip;]<\/p>\n","protected":false},"author":1,"featured_media":0,"parent":0,"menu_order":0,"comment_status":"closed","ping_status":"closed","template":"","meta":{"footnotes":""},"class_list":["post-85346","page","type-page","status-publish","hentry"],"yoast_head":"<!-- This site is optimized with the Yoast SEO plugin v23.2 - https:\/\/yoast.com\/wordpress\/plugins\/seo\/ -->\n<title>Cours de p\u00e2tisserie - Les cakes de Laura<\/title>\n<meta name=\"robots\" content=\"index, follow, max-snippet:-1, max-image-preview:large, max-video-preview:-1\" \/>\n<link rel=\"canonical\" href=\"https:\/\/www.lescakesdelaura.com\/fr\/cours-de-patisserie\/\" \/>\n<meta property=\"og:locale\" content=\"fr_FR\" \/>\n<meta property=\"og:type\" content=\"article\" \/>\n<meta property=\"og:title\" content=\"Cours de p\u00e2tisserie - Les cakes de Laura\" \/>\n<meta property=\"og:description\" content=\"[vc_row fullwidth=\u00a0\u00bbtrue\u00a0\u00bb][vc_column][mk_padding_divider size=\u00a0\u00bb200&Prime;][\/vc_column][\/vc_row][vc_row][vc_column][mk_fancy_title tag_name=\u00a0\u00bbh1&Prime; color=\u00a0\u00bb#ce3352&Prime; size=\u00a0\u00bb40&Prime; force_font_size=\u00a0\u00bbtrue\u00a0\u00bb size_phone=\u00a0\u00bb40&Prime; font_weight=\u00a0\u00bbbold\u00a0\u00bb txt_transform=\u00a0\u00bbnone\u00a0\u00bb margin_bottom=\u00a0\u00bb0&Prime; font_family=\u00a0\u00bbnone\u00a0\u00bb align=\u00a0\u00bbcenter\u00a0\u00bb]Cours de p\u00e2tisserie[\/mk_fancy_title][vc_column_text disable_pattern=\u00a0\u00bbfalse\u00a0\u00bb css=\u00a0\u00bb.vc_custom_1665312139160{margin-bottom: 0px !important;}\u00a0\u00bb]Etes-vous pr\u00eat \u00e0 faire passer vos g\u00e2teaux au niveau sup\u00e9rieur ? Avec [&hellip;]\" \/>\n<meta property=\"og:url\" content=\"https:\/\/www.lescakesdelaura.com\/fr\/cours-de-patisserie\/\" \/>\n<meta property=\"og:site_name\" content=\"Les cakes de Laura\" \/>\n<meta name=\"twitter:card\" content=\"summary_large_image\" \/>\n<meta name=\"twitter:label1\" content=\"Dur\u00e9e de lecture estim\u00e9e\" \/>\n\t<meta name=\"twitter:data1\" content=\"2 minutes\" \/>\n<script type=\"application\/ld+json\" class=\"yoast-schema-graph\">{\"@context\":\"https:\/\/schema.org\",\"@graph\":[{\"@type\":\"WebPage\",\"@id\":\"https:\/\/www.lescakesdelaura.com\/fr\/cours-de-patisserie\/\",\"url\":\"https:\/\/www.lescakesdelaura.com\/fr\/cours-de-patisserie\/\",\"name\":\"Cours de p\u00e2tisserie - Les cakes de Laura\",\"isPartOf\":{\"@id\":\"https:\/\/www.lescakesdelaura.com\/#website\"},\"datePublished\":\"2023-02-15T10:57:14+00:00\",\"dateModified\":\"2023-02-15T10:57:14+00:00\",\"breadcrumb\":{\"@id\":\"https:\/\/www.lescakesdelaura.com\/fr\/cours-de-patisserie\/#breadcrumb\"},\"inLanguage\":\"fr-FR\",\"potentialAction\":[{\"@type\":\"ReadAction\",\"target\":[\"https:\/\/www.lescakesdelaura.com\/fr\/cours-de-patisserie\/\"]}]},{\"@type\":\"BreadcrumbList\",\"@id\":\"https:\/\/www.lescakesdelaura.com\/fr\/cours-de-patisserie\/#breadcrumb\",\"itemListElement\":[{\"@type\":\"ListItem\",\"position\":1,\"name\":\"Home\",\"item\":\"https:\/\/www.lescakesdelaura.com\/fr\/accueil\/\"},{\"@type\":\"ListItem\",\"position\":2,\"name\":\"Cours de p\u00e2tisserie\"}]},{\"@type\":\"WebSite\",\"@id\":\"https:\/\/www.lescakesdelaura.com\/#website\",\"url\":\"https:\/\/www.lescakesdelaura.com\/\",\"name\":\"Les cakes de Laura\",\"description\":\"P\u00e2tisserie cr\u00e9ative et g\u00e2teaux personnalis\u00e9s Marrakech\",\"potentialAction\":[{\"@type\":\"SearchAction\",\"target\":{\"@type\":\"EntryPoint\",\"urlTemplate\":\"https:\/\/www.lescakesdelaura.com\/?s={search_term_string}\"},\"query-input\":\"required name=search_term_string\"}],\"inLanguage\":\"fr-FR\"}]}<\/script>\n<!-- \/ Yoast SEO plugin. -->","yoast_head_json":{"title":"Cours de p\u00e2tisserie - Les cakes de Laura","robots":{"index":"index","follow":"follow","max-snippet":"max-snippet:-1","max-image-preview":"max-image-preview:large","max-video-preview":"max-video-preview:-1"},"canonical":"https:\/\/www.lescakesdelaura.com\/fr\/cours-de-patisserie\/","og_locale":"fr_FR","og_type":"article","og_title":"Cours de p\u00e2tisserie - Les cakes de Laura","og_description":"[vc_row fullwidth=\u00a0\u00bbtrue\u00a0\u00bb][vc_column][mk_padding_divider size=\u00a0\u00bb200&Prime;][\/vc_column][\/vc_row][vc_row][vc_column][mk_fancy_title tag_name=\u00a0\u00bbh1&Prime; color=\u00a0\u00bb#ce3352&Prime; size=\u00a0\u00bb40&Prime; force_font_size=\u00a0\u00bbtrue\u00a0\u00bb size_phone=\u00a0\u00bb40&Prime; font_weight=\u00a0\u00bbbold\u00a0\u00bb txt_transform=\u00a0\u00bbnone\u00a0\u00bb margin_bottom=\u00a0\u00bb0&Prime; font_family=\u00a0\u00bbnone\u00a0\u00bb align=\u00a0\u00bbcenter\u00a0\u00bb]Cours de p\u00e2tisserie[\/mk_fancy_title][vc_column_text disable_pattern=\u00a0\u00bbfalse\u00a0\u00bb css=\u00a0\u00bb.vc_custom_1665312139160{margin-bottom: 0px !important;}\u00a0\u00bb]Etes-vous pr\u00eat \u00e0 faire passer vos g\u00e2teaux au niveau sup\u00e9rieur ? Avec [&hellip;]","og_url":"https:\/\/www.lescakesdelaura.com\/fr\/cours-de-patisserie\/","og_site_name":"Les cakes de Laura","twitter_card":"summary_large_image","twitter_misc":{"Dur\u00e9e de lecture estim\u00e9e":"2 minutes"},"schema":{"@context":"https:\/\/schema.org","@graph":[{"@type":"WebPage","@id":"https:\/\/www.lescakesdelaura.com\/fr\/cours-de-patisserie\/","url":"https:\/\/www.lescakesdelaura.com\/fr\/cours-de-patisserie\/","name":"Cours de p\u00e2tisserie - Les cakes de Laura","isPartOf":{"@id":"https:\/\/www.lescakesdelaura.com\/#website"},"datePublished":"2023-02-15T10:57:14+00:00","dateModified":"2023-02-15T10:57:14+00:00","breadcrumb":{"@id":"https:\/\/www.lescakesdelaura.com\/fr\/cours-de-patisserie\/#breadcrumb"},"inLanguage":"fr-FR","potentialAction":[{"@type":"ReadAction","target":["https:\/\/www.lescakesdelaura.com\/fr\/cours-de-patisserie\/"]}]},{"@type":"BreadcrumbList","@id":"https:\/\/www.lescakesdelaura.com\/fr\/cours-de-patisserie\/#breadcrumb","itemListElement":[{"@type":"ListItem","position":1,"name":"Home","item":"https:\/\/www.lescakesdelaura.com\/fr\/accueil\/"},{"@type":"ListItem","position":2,"name":"Cours de p\u00e2tisserie"}]},{"@type":"WebSite","@id":"https:\/\/www.lescakesdelaura.com\/#website","url":"https:\/\/www.lescakesdelaura.com\/","name":"Les cakes de Laura","description":"P\u00e2tisserie cr\u00e9ative et g\u00e2teaux personnalis\u00e9s Marrakech","potentialAction":[{"@type":"SearchAction","target":{"@type":"EntryPoint","urlTemplate":"https:\/\/www.lescakesdelaura.com\/?s={search_term_string}"},"query-input":"required name=search_term_string"}],"inLanguage":"fr-FR"}]}},"_links":{"self":[{"href":"https:\/\/www.lescakesdelaura.com\/fr\/wp-json\/wp\/v2\/pages\/85346"}],"collection":[{"href":"https:\/\/www.lescakesdelaura.com\/fr\/wp-json\/wp\/v2\/pages"}],"about":[{"href":"https:\/\/www.lescakesdelaura.com\/fr\/wp-json\/wp\/v2\/types\/page"}],"author":[{"embeddable":true,"href":"https:\/\/www.lescakesdelaura.com\/fr\/wp-json\/wp\/v2\/users\/1"}],"replies":[{"embeddable":true,"href":"https:\/\/www.lescakesdelaura.com\/fr\/wp-json\/wp\/v2\/comments?post=85346"}],"version-history":[{"count":0,"href":"https:\/\/www.lescakesdelaura.com\/fr\/wp-json\/wp\/v2\/pages\/85346\/revisions"}],"wp:attachment":[{"href":"https:\/\/www.lescakesdelaura.com\/fr\/wp-json\/wp\/v2\/media?parent=85346"}],"curies":[{"name":"wp","href":"https:\/\/api.w.org\/{rel}","templated":true}]}}