{"id":81885,"date":"2023-02-03T16:28:52","date_gmt":"2023-02-03T15:28:52","guid":{"rendered":"https:\/\/www.lescakesdelaura.com\/contact\/"},"modified":"2023-02-16T09:46:37","modified_gmt":"2023-02-16T08:46:37","slug":"contact","status":"publish","type":"page","link":"https:\/\/www.lescakesdelaura.com\/fr\/contact\/","title":{"rendered":"Contact"},"content":{"rendered":"<div class=\"wpb-content-wrapper\">[vc_row fullwidth=\u00a0\u00bbtrue\u00a0\u00bb][vc_column][mk_padding_divider size=\u00a0\u00bb180&Prime;][mk_fancy_title color=\u00a0\u00bb#ce3352&Prime; size=\u00a0\u00bb60&Prime; force_font_size=\u00a0\u00bbtrue\u00a0\u00bb size_phone=\u00a0\u00bb40&Prime; line_height=\u00a0\u00bb95&Prime; font_weight=\u00a0\u00bbbold\u00a0\u00bb txt_transform=\u00a0\u00bbnone\u00a0\u00bb margin_bottom=\u00a0\u00bb0&Prime; font_family=\u00a0\u00bbnone\u00a0\u00bb align=\u00a0\u00bbcenter\u00a0\u00bb drop_shadow=\u00a0\u00bbtrue\u00a0\u00bb shadow_color=\u00a0\u00bb#00bcb3&Prime;]Contact[\/mk_fancy_title][mk_padding_divider][\/vc_column][\/vc_row][mk_page_section padding_bottom=\u00a0\u00bb40&Prime; top_shape_style=\u00a0\u00bbjagged-rounded-top\u00a0\u00bb top_shape_color=\u00a0\u00bb#ffffff\u00a0\u00bb bottom_shape_style=\u00a0\u00bbjagged-rounded-bottom\u00a0\u00bb bottom_shape_color=\u00a0\u00bb#ffffff\u00a0\u00bb sidebar=\u00a0\u00bbsidebar-1&Prime;][vc_column width=\u00a0\u00bb1\/2&Prime;][mk_padding_divider size=\u00a0\u00bb50&Prime;][mk_fancy_title tag_name=\u00a0\u00bbh5&Prime; color=\u00a0\u00bb#3bbebb\u00a0\u00bb size=\u00a0\u00bb40&Prime; force_font_size=\u00a0\u00bbtrue\u00a0\u00bb size_phone=\u00a0\u00bb40&Prime; line_height=\u00a0\u00bb95&Prime; font_weight=\u00a0\u00bbbold\u00a0\u00bb txt_transform=\u00a0\u00bbnone\u00a0\u00bb margin_bottom=\u00a0\u00bb0&Prime; font_family=\u00a0\u00bbnone\u00a0\u00bb]Formulaire de contact[\/mk_fancy_title]\n<div class=\"wpcf7 no-js\" id=\"wpcf7-f85716-o1\" lang=\"es-ES\" dir=\"ltr\">\n<div class=\"screen-reader-response\"><p role=\"status\" aria-live=\"polite\" aria-atomic=\"true\"><\/p> <ul><\/ul><\/div>\n<form action=\"\/fr\/wp-json\/wp\/v2\/pages\/81885#wpcf7-f85716-o1\" method=\"post\" class=\"wpcf7-form init\" aria-label=\"Formulario de contacto\" novalidate=\"novalidate\" data-status=\"init\">\n<div style=\"display: none;\">\n<input type=\"hidden\" name=\"_wpcf7\" value=\"85716\" \/>\n<input type=\"hidden\" name=\"_wpcf7_version\" value=\"5.9.8\" \/>\n<input type=\"hidden\" name=\"_wpcf7_locale\" value=\"es_ES\" \/>\n<input type=\"hidden\" name=\"_wpcf7_unit_tag\" value=\"wpcf7-f85716-o1\" \/>\n<input type=\"hidden\" name=\"_wpcf7_container_post\" value=\"0\" \/>\n<input type=\"hidden\" name=\"_wpcf7_posted_data_hash\" value=\"\" \/>\n<\/div>\n<p><label> Votre nom<br \/>\n<span class=\"wpcf7-form-control-wrap\" data-name=\"your-name\"><input size=\"40\" maxlength=\"400\" class=\"wpcf7-form-control wpcf7-text wpcf7-validates-as-required\" autocomplete=\"name\" aria-required=\"true\" aria-invalid=\"false\" value=\"\" type=\"text\" name=\"your-name\" \/><\/span> <\/label>\n<\/p>\n<p><label> Votre e-mail<br \/>\n<span class=\"wpcf7-form-control-wrap\" data-name=\"your-email\"><input size=\"40\" maxlength=\"400\" class=\"wpcf7-form-control wpcf7-email wpcf7-validates-as-required wpcf7-text wpcf7-validates-as-email\" autocomplete=\"email\" aria-required=\"true\" aria-invalid=\"false\" value=\"\" type=\"email\" name=\"your-email\" \/><\/span> <\/label>\n<\/p>\n<p><label> Objet<br \/>\n<span class=\"wpcf7-form-control-wrap\" data-name=\"your-subject\"><input size=\"40\" maxlength=\"400\" class=\"wpcf7-form-control wpcf7-text wpcf7-validates-as-required\" aria-required=\"true\" aria-invalid=\"false\" value=\"\" type=\"text\" name=\"your-subject\" \/><\/span> <\/label>\n<\/p>\n<p><label> Votre message<br \/>\n<span class=\"wpcf7-form-control-wrap\" data-name=\"your-message\"><textarea cols=\"40\" rows=\"10\" maxlength=\"2000\" class=\"wpcf7-form-control wpcf7-textarea\" aria-invalid=\"false\" name=\"your-message\"><\/textarea><\/span> <\/label>\n<\/p>\n<p><input class=\"wpcf7-form-control wpcf7-submit has-spinner\" type=\"submit\" value=\"Envoyer\" \/>\n<\/p><p style=\"display: none !important;\" class=\"akismet-fields-container\" data-prefix=\"_wpcf7_ak_\"><label>&#916;<textarea name=\"_wpcf7_ak_hp_textarea\" cols=\"45\" rows=\"8\" maxlength=\"100\"><\/textarea><\/label><input type=\"hidden\" id=\"ak_js_1\" name=\"_wpcf7_ak_js\" value=\"34\"\/><script>document.getElementById( \"ak_js_1\" ).setAttribute( \"value\", ( new Date() ).getTime() );<\/script><\/p><div class=\"wpcf7-response-output\" aria-hidden=\"true\"><\/div>\n<\/form>\n<\/div>\n[vc_raw_html]PHN0eWxlPmlucHV0LndwY2Y3LWZvcm0tY29udHJvbCB7DQogICAgd2lkdGg6IDEwMCU7DQogICAgaGVpZ2h0OiA1MHB4Ow0KfQ0KdGV4dGFyZWEud3BjZjctZm9ybS1jb250cm9sLndwY2Y3LXRleHRhcmVhIHsgd2lkdGg6IDEwMCU7IH0NCjwvc3R5bGU+[\/vc_raw_html][\/vc_column][vc_column width=\u00a0\u00bb1\/2&Prime;][mk_padding_divider size=\u00a0\u00bb50&Prime;][mk_fancy_title tag_name=\u00a0\u00bbh5&Prime; color=\u00a0\u00bb#3bbebb\u00a0\u00bb size=\u00a0\u00bb40&Prime; force_font_size=\u00a0\u00bbtrue\u00a0\u00bb size_phone=\u00a0\u00bb40&Prime; line_height=\u00a0\u00bb95&Prime; font_weight=\u00a0\u00bbbold\u00a0\u00bb txt_transform=\u00a0\u00bbnone\u00a0\u00bb margin_bottom=\u00a0\u00bb0&Prime; font_family=\u00a0\u00bbnone\u00a0\u00bb]Information de contact[\/mk_fancy_title][mk_custom_list]\n<ul>\n<li><a href=\"tel:+34644369437\">+34 6 44 36 94 37<\/a><\/li>\n<li><a href=\"mailto:lescakesdelaura@gmail.com\">lescakesdelaura@gmail.com<\/a><\/li>\n<li><a href=\"https:\/\/www.google.com\/maps?ll=38.365653,-0.410972&amp;z=17&amp;t=m&amp;hl=es&amp;gl=ES&amp;mapclient=embed&amp;q=Av.+de+Niza,+2+03540+Alicante+(Alacant)+Alicante\" target=\"_blank\" rel=\"noopener\">Calle del Mar 41, 03110 Muchamiel &#8211; Alicante<\/a><\/li>\n<\/ul>\n[\/mk_custom_list][vc_gmaps link=\u00a0\u00bb#E-8_JTNDaWZyYW1lJTIwc3JjJTNEJTIyaHR0cHMlM0ElMkYlMkZ3d3cuZ29vZ2xlLmNvbSUyRm1hcHMlMkZlbWJlZCUzRnBiJTNEJTIxMW0xOCUyMTFtMTIlMjExbTMlMjExZDMxMjYuMTc4MDk3MDUzOTI5JTIxMmQtMC40NDM3NjcxODQ0MDAzNzUxNiUyMTNkMzguNDE0MjQ4ODc5NjQ4MDglMjEybTMlMjExZjAlMjEyZjAlMjEzZjAlMjEzbTIlMjExaTEwMjQlMjEyaTc2OCUyMTRmMTMuMSUyMTNtMyUyMTFtMiUyMTFzMHhkNjIzYTBlM2M0M2JlNjMlMjUzQTB4NDJmZDFkZGE2OTA0NTRiMyUyMTJzQyUyNTJGJTI1MjBkZWwlMjUyME1hciUyNTJDJTI1MjA0MSUyNTJDJTI1MjAwMzExMCUyNTIwTXV0eGFtZWwlMjUyQyUyNTIwQWxhY2FudCUyNTJDJTI1MjBTcGFpbiUyMTVlMCUyMTNtMiUyMTFzZW4lMjEyc21hJTIxNHYxNjcwNTA5Mjc3NjMyJTIxNW0yJTIxMXNlbiUyMTJzbWElMjIlMjB3aWR0aCUzRCUyMjYwMCUyMiUyMGhlaWdodCUzRCUyMjQxMiUyMiUyMHN0eWxlJTNEJTIyYm9yZGVyJTNBMCUzQiUyMiUyMGFsbG93ZnVsbHNjcmVlbiUzRCUyMiUyMiUyMGxvYWRpbmclM0QlMjJsYXp5JTIyJTIwcmVmZXJyZXJwb2xpY3klM0QlMjJuby1yZWZlcnJlci13aGVuLWRvd25ncmFkZSUyMiUzRSUzQyUyRmlmcmFtZSUzRQ==\u00a0\u00bb][\/vc_column][\/mk_page_section][vc_row][vc_column][mk_padding_divider size=\u00a0\u00bb80&Prime;][\/vc_column][\/vc_row]\n<\/div>","protected":false},"excerpt":{"rendered":"<p>[vc_row fullwidth=\u00a0\u00bbtrue\u00a0\u00bb][vc_column][mk_padding_divider size=\u00a0\u00bb180&Prime;][mk_fancy_title color=\u00a0\u00bb#ce3352&Prime; size=\u00a0\u00bb60&Prime; force_font_size=\u00a0\u00bbtrue\u00a0\u00bb size_phone=\u00a0\u00bb40&Prime; line_height=\u00a0\u00bb95&Prime; font_weight=\u00a0\u00bbbold\u00a0\u00bb txt_transform=\u00a0\u00bbnone\u00a0\u00bb margin_bottom=\u00a0\u00bb0&Prime; font_family=\u00a0\u00bbnone\u00a0\u00bb align=\u00a0\u00bbcenter\u00a0\u00bb drop_shadow=\u00a0\u00bbtrue\u00a0\u00bb shadow_color=\u00a0\u00bb#00bcb3&Prime;]Contact[\/mk_fancy_title][mk_padding_divider][\/vc_column][\/vc_row][mk_page_section padding_bottom=\u00a0\u00bb40&Prime; top_shape_style=\u00a0\u00bbjagged-rounded-top\u00a0\u00bb top_shape_color=\u00a0\u00bb#ffffff\u00a0\u00bb bottom_shape_style=\u00a0\u00bbjagged-rounded-bottom\u00a0\u00bb bottom_shape_color=\u00a0\u00bb#ffffff\u00a0\u00bb sidebar=\u00a0\u00bbsidebar-1&Prime;][vc_column width=\u00a0\u00bb1\/2&Prime;][mk_padding_divider size=\u00a0\u00bb50&Prime;][mk_fancy_title tag_name=\u00a0\u00bbh5&Prime; color=\u00a0\u00bb#3bbebb\u00a0\u00bb size=\u00a0\u00bb40&Prime; force_font_size=\u00a0\u00bbtrue\u00a0\u00bb size_phone=\u00a0\u00bb40&Prime; line_height=\u00a0\u00bb95&Prime; font_weight=\u00a0\u00bbbold\u00a0\u00bb [&hellip;]<\/p>\n","protected":false},"author":1,"featured_media":0,"parent":0,"menu_order":0,"comment_status":"closed","ping_status":"closed","template":"","meta":{"footnotes":""},"class_list":["post-81885","page","type-page","status-publish","hentry"],"yoast_head":"<!-- This site is optimized with the Yoast SEO plugin v23.2 - https:\/\/yoast.com\/wordpress\/plugins\/seo\/ -->\n<title>Contact - Les cakes de Laura<\/title>\n<meta name=\"robots\" content=\"index, follow, max-snippet:-1, max-image-preview:large, max-video-preview:-1\" \/>\n<link rel=\"canonical\" href=\"https:\/\/www.lescakesdelaura.com\/fr\/contact\/\" \/>\n<meta property=\"og:locale\" content=\"fr_FR\" \/>\n<meta property=\"og:type\" content=\"article\" \/>\n<meta property=\"og:title\" content=\"Contact - Les cakes de Laura\" \/>\n<meta property=\"og:description\" content=\"[vc_row fullwidth=\u00a0\u00bbtrue\u00a0\u00bb][vc_column][mk_padding_divider size=\u00a0\u00bb180&Prime;][mk_fancy_title color=\u00a0\u00bb#ce3352&Prime; size=\u00a0\u00bb60&Prime; force_font_size=\u00a0\u00bbtrue\u00a0\u00bb size_phone=\u00a0\u00bb40&Prime; line_height=\u00a0\u00bb95&Prime; font_weight=\u00a0\u00bbbold\u00a0\u00bb txt_transform=\u00a0\u00bbnone\u00a0\u00bb margin_bottom=\u00a0\u00bb0&Prime; font_family=\u00a0\u00bbnone\u00a0\u00bb align=\u00a0\u00bbcenter\u00a0\u00bb drop_shadow=\u00a0\u00bbtrue\u00a0\u00bb shadow_color=\u00a0\u00bb#00bcb3&Prime;]Contact[\/mk_fancy_title][mk_padding_divider][\/vc_column][\/vc_row][mk_page_section padding_bottom=\u00a0\u00bb40&Prime; top_shape_style=\u00a0\u00bbjagged-rounded-top\u00a0\u00bb top_shape_color=\u00a0\u00bb#ffffff\u00a0\u00bb bottom_shape_style=\u00a0\u00bbjagged-rounded-bottom\u00a0\u00bb bottom_shape_color=\u00a0\u00bb#ffffff\u00a0\u00bb sidebar=\u00a0\u00bbsidebar-1&Prime;][vc_column width=\u00a0\u00bb1\/2&Prime;][mk_padding_divider size=\u00a0\u00bb50&Prime;][mk_fancy_title tag_name=\u00a0\u00bbh5&Prime; color=\u00a0\u00bb#3bbebb\u00a0\u00bb size=\u00a0\u00bb40&Prime; force_font_size=\u00a0\u00bbtrue\u00a0\u00bb size_phone=\u00a0\u00bb40&Prime; line_height=\u00a0\u00bb95&Prime; font_weight=\u00a0\u00bbbold\u00a0\u00bb [&hellip;]\" \/>\n<meta property=\"og:url\" content=\"https:\/\/www.lescakesdelaura.com\/fr\/contact\/\" \/>\n<meta property=\"og:site_name\" content=\"Les cakes de Laura\" \/>\n<meta property=\"article:modified_time\" content=\"2023-02-16T08:46:37+00:00\" \/>\n<meta name=\"twitter:card\" content=\"summary_large_image\" \/>\n<meta name=\"twitter:label1\" content=\"Dur\u00e9e de lecture estim\u00e9e\" \/>\n\t<meta name=\"twitter:data1\" content=\"1 minute\" \/>\n<script type=\"application\/ld+json\" class=\"yoast-schema-graph\">{\"@context\":\"https:\/\/schema.org\",\"@graph\":[{\"@type\":\"WebPage\",\"@id\":\"https:\/\/www.lescakesdelaura.com\/fr\/contact\/\",\"url\":\"https:\/\/www.lescakesdelaura.com\/fr\/contact\/\",\"name\":\"Contact - Les cakes de Laura\",\"isPartOf\":{\"@id\":\"https:\/\/www.lescakesdelaura.com\/#website\"},\"datePublished\":\"2023-02-03T15:28:52+00:00\",\"dateModified\":\"2023-02-16T08:46:37+00:00\",\"breadcrumb\":{\"@id\":\"https:\/\/www.lescakesdelaura.com\/fr\/contact\/#breadcrumb\"},\"inLanguage\":\"fr-FR\",\"potentialAction\":[{\"@type\":\"ReadAction\",\"target\":[\"https:\/\/www.lescakesdelaura.com\/fr\/contact\/\"]}]},{\"@type\":\"BreadcrumbList\",\"@id\":\"https:\/\/www.lescakesdelaura.com\/fr\/contact\/#breadcrumb\",\"itemListElement\":[{\"@type\":\"ListItem\",\"position\":1,\"name\":\"Home\",\"item\":\"https:\/\/www.lescakesdelaura.com\/fr\/accueil\/\"},{\"@type\":\"ListItem\",\"position\":2,\"name\":\"Contact\"}]},{\"@type\":\"WebSite\",\"@id\":\"https:\/\/www.lescakesdelaura.com\/#website\",\"url\":\"https:\/\/www.lescakesdelaura.com\/\",\"name\":\"Les cakes de Laura\",\"description\":\"P\u00e2tisserie cr\u00e9ative et g\u00e2teaux personnalis\u00e9s Marrakech\",\"potentialAction\":[{\"@type\":\"SearchAction\",\"target\":{\"@type\":\"EntryPoint\",\"urlTemplate\":\"https:\/\/www.lescakesdelaura.com\/?s={search_term_string}\"},\"query-input\":\"required name=search_term_string\"}],\"inLanguage\":\"fr-FR\"}]}<\/script>\n<!-- \/ Yoast SEO plugin. -->","yoast_head_json":{"title":"Contact - Les cakes de Laura","robots":{"index":"index","follow":"follow","max-snippet":"max-snippet:-1","max-image-preview":"max-image-preview:large","max-video-preview":"max-video-preview:-1"},"canonical":"https:\/\/www.lescakesdelaura.com\/fr\/contact\/","og_locale":"fr_FR","og_type":"article","og_title":"Contact - Les cakes de Laura","og_description":"[vc_row fullwidth=\u00a0\u00bbtrue\u00a0\u00bb][vc_column][mk_padding_divider size=\u00a0\u00bb180&Prime;][mk_fancy_title color=\u00a0\u00bb#ce3352&Prime; size=\u00a0\u00bb60&Prime; force_font_size=\u00a0\u00bbtrue\u00a0\u00bb size_phone=\u00a0\u00bb40&Prime; line_height=\u00a0\u00bb95&Prime; font_weight=\u00a0\u00bbbold\u00a0\u00bb txt_transform=\u00a0\u00bbnone\u00a0\u00bb margin_bottom=\u00a0\u00bb0&Prime; font_family=\u00a0\u00bbnone\u00a0\u00bb align=\u00a0\u00bbcenter\u00a0\u00bb drop_shadow=\u00a0\u00bbtrue\u00a0\u00bb shadow_color=\u00a0\u00bb#00bcb3&Prime;]Contact[\/mk_fancy_title][mk_padding_divider][\/vc_column][\/vc_row][mk_page_section padding_bottom=\u00a0\u00bb40&Prime; top_shape_style=\u00a0\u00bbjagged-rounded-top\u00a0\u00bb top_shape_color=\u00a0\u00bb#ffffff\u00a0\u00bb bottom_shape_style=\u00a0\u00bbjagged-rounded-bottom\u00a0\u00bb bottom_shape_color=\u00a0\u00bb#ffffff\u00a0\u00bb sidebar=\u00a0\u00bbsidebar-1&Prime;][vc_column width=\u00a0\u00bb1\/2&Prime;][mk_padding_divider size=\u00a0\u00bb50&Prime;][mk_fancy_title tag_name=\u00a0\u00bbh5&Prime; color=\u00a0\u00bb#3bbebb\u00a0\u00bb size=\u00a0\u00bb40&Prime; force_font_size=\u00a0\u00bbtrue\u00a0\u00bb size_phone=\u00a0\u00bb40&Prime; line_height=\u00a0\u00bb95&Prime; font_weight=\u00a0\u00bbbold\u00a0\u00bb [&hellip;]","og_url":"https:\/\/www.lescakesdelaura.com\/fr\/contact\/","og_site_name":"Les cakes de Laura","article_modified_time":"2023-02-16T08:46:37+00:00","twitter_card":"summary_large_image","twitter_misc":{"Dur\u00e9e de lecture estim\u00e9e":"1 minute"},"schema":{"@context":"https:\/\/schema.org","@graph":[{"@type":"WebPage","@id":"https:\/\/www.lescakesdelaura.com\/fr\/contact\/","url":"https:\/\/www.lescakesdelaura.com\/fr\/contact\/","name":"Contact - Les cakes de Laura","isPartOf":{"@id":"https:\/\/www.lescakesdelaura.com\/#website"},"datePublished":"2023-02-03T15:28:52+00:00","dateModified":"2023-02-16T08:46:37+00:00","breadcrumb":{"@id":"https:\/\/www.lescakesdelaura.com\/fr\/contact\/#breadcrumb"},"inLanguage":"fr-FR","potentialAction":[{"@type":"ReadAction","target":["https:\/\/www.lescakesdelaura.com\/fr\/contact\/"]}]},{"@type":"BreadcrumbList","@id":"https:\/\/www.lescakesdelaura.com\/fr\/contact\/#breadcrumb","itemListElement":[{"@type":"ListItem","position":1,"name":"Home","item":"https:\/\/www.lescakesdelaura.com\/fr\/accueil\/"},{"@type":"ListItem","position":2,"name":"Contact"}]},{"@type":"WebSite","@id":"https:\/\/www.lescakesdelaura.com\/#website","url":"https:\/\/www.lescakesdelaura.com\/","name":"Les cakes de Laura","description":"P\u00e2tisserie cr\u00e9ative et g\u00e2teaux personnalis\u00e9s Marrakech","potentialAction":[{"@type":"SearchAction","target":{"@type":"EntryPoint","urlTemplate":"https:\/\/www.lescakesdelaura.com\/?s={search_term_string}"},"query-input":"required name=search_term_string"}],"inLanguage":"fr-FR"}]}},"_links":{"self":[{"href":"https:\/\/www.lescakesdelaura.com\/fr\/wp-json\/wp\/v2\/pages\/81885"}],"collection":[{"href":"https:\/\/www.lescakesdelaura.com\/fr\/wp-json\/wp\/v2\/pages"}],"about":[{"href":"https:\/\/www.lescakesdelaura.com\/fr\/wp-json\/wp\/v2\/types\/page"}],"author":[{"embeddable":true,"href":"https:\/\/www.lescakesdelaura.com\/fr\/wp-json\/wp\/v2\/users\/1"}],"replies":[{"embeddable":true,"href":"https:\/\/www.lescakesdelaura.com\/fr\/wp-json\/wp\/v2\/comments?post=81885"}],"version-history":[{"count":0,"href":"https:\/\/www.lescakesdelaura.com\/fr\/wp-json\/wp\/v2\/pages\/81885\/revisions"}],"wp:attachment":[{"href":"https:\/\/www.lescakesdelaura.com\/fr\/wp-json\/wp\/v2\/media?parent=81885"}],"curies":[{"name":"wp","href":"https:\/\/api.w.org\/{rel}","templated":true}]}}